





{"id":3870,"date":"2026-03-28T04:36:32","date_gmt":"2026-03-28T01:36:32","guid":{"rendered":"https:\/\/ovanap.com\/pt\/?post_type=product&#038;p=3870"},"modified":"2026-04-10T23:40:27","modified_gmt":"2026-04-10T20:40:27","slug":"apple-iphone-11-pro-test","status":"publish","type":"product","link":"https:\/\/ovanap.com\/pt\/product\/telefonai\/apple\/apple-iphone-11-pro-test\/","title":{"rendered":"Apple iPhone 11 Pro (TEST)"},"content":{"rendered":"<h4>Bendroji informacija<\/h4>\n<p>256GB talpos kosmin\u0117s juodos spalvos telefonas iPhone 14 Pro Max turi itin ry\u0161k\u0173 Super Retina XDR 6.7 coli\u0173 Always-On ekran\u0105 iki pat kra\u0161t\u0173. ProMotion technologija iki 120Hz, tvirtas ner\u016bdijan\u010dio plieno r\u0117mas, matinis stiklinis korpusas, galingas A16 Bionic lustas leid\u017eia m\u0117gautis auk\u0161\u010diausia kokybe ir neprilygstama sparta. Telefone esanti trij\u0173 galini\u0173 kamer\u0173 Main, Ultra Wide ir Telephoto technologija u\u017etikrins itin profesionalias nuotraukas ir vaizdo \u012fra\u0161us. Gal\u0117site naudoti LiDAR skenerio pagalba patobulint\u0105 naktinio fotografavimo re\u017eim\u0105, Cinematic bei Action vaizdo \u012fra\u0161ymo funkcijas.<\/p>\n<h4>Kamera<\/h4>\n<p>12-megapiksel trippelkamera med ultravidvinkel, vidvinkel og teleobjektiv, nattmodus, portrettmodus og 4K-video med opptil 60 fps<br \/>\n12-megapiksel TrueDepth-frontkamera med portrettmodus, 4K-video og sakte film<\/p>\n<h4>Ekranas<\/h4>\n<p>5,8-tommers Super Retina XDR OLED-skjerm (14,7 cm diagonalt) Vann- og st\u00f8vbestandig (4 meter i opptil 30 minutter, IP68)<\/p>\n<h4>Procesorius ir operacin\u0117 sistema<\/h4>\n<p>A13 Bionic-brikke med 3. generasjons Neural Engine<\/p>\n","protected":false},"excerpt":{"rendered":"<p>Bendroji informacija 256GB talpos kosmin\u0117s juodos spalvos telefonas iPhone 14 Pro Max turi itin ry\u0161k\u0173 Super Retina XDR 6.7 coli\u0173 Always-On ekran\u0105 iki pat kra\u0161t\u0173. ProMotion technologija iki 120Hz, tvirtas ner\u016bdijan\u010dio plieno r\u0117mas, matinis stiklinis korpusas, galingas A16 Bionic lustas leid\u017eia m\u0117gautis auk\u0161\u010diausia kokybe ir neprilygstama sparta. Telefone esanti trij\u0173 galini\u0173 kamer\u0173 Main, Ultra Wide [&hellip;]<\/p>\n","protected":false},"featured_media":3250,"template":"","meta":{"_acf_changed":false,"_crdt_document":""},"product_brand":[117],"product_cat":[53,50],"product_tag":[],"class_list":{"0":"post-3870","1":"product","2":"type-product","3":"status-publish","4":"has-post-thumbnail","6":"product_brand-apple","7":"product_cat-apple","8":"product_cat-telefonai","10":"first","11":"instock","12":"sale","13":"featured","14":"shipping-taxable","15":"purchasable","16":"product-type-variable"},"bundled_by":[],"bundle_stock_status":"instock","bundle_stock_quantity":null,"bundle_virtual":false,"bundle_layout":"","bundle_add_to_cart_form_location":"","bundle_editable_in_cart":false,"bundle_sold_individually_context":"","bundle_item_grouping":"","bundle_min_size":"","bundle_max_size":"","bundle_price":[],"bundled_items":[],"bundle_sell_ids":[],"acf":[],"gallery_images":[3926,3610,3629,3683,3925,3250,3588,3685,3593],"_links":{"self":[{"href":"https:\/\/ovanap.com\/pt\/wp-json\/wp\/v2\/product\/3870","targetHints":{"allow":["GET"]}}],"collection":[{"href":"https:\/\/ovanap.com\/pt\/wp-json\/wp\/v2\/product"}],"about":[{"href":"https:\/\/ovanap.com\/pt\/wp-json\/wp\/v2\/types\/product"}],"wp:featuredmedia":[{"embeddable":true,"href":"https:\/\/ovanap.com\/pt\/wp-json\/wp\/v2\/media\/3250"}],"wp:attachment":[{"href":"https:\/\/ovanap.com\/pt\/wp-json\/wp\/v2\/media?parent=3870"}],"wp:term":[{"taxonomy":"product_brand","embeddable":true,"href":"https:\/\/ovanap.com\/pt\/wp-json\/wp\/v2\/product_brand?post=3870"},{"taxonomy":"product_cat","embeddable":true,"href":"https:\/\/ovanap.com\/pt\/wp-json\/wp\/v2\/product_cat?post=3870"},{"taxonomy":"product_tag","embeddable":true,"href":"https:\/\/ovanap.com\/pt\/wp-json\/wp\/v2\/product_tag?post=3870"}],"curies":[{"name":"wp","href":"https:\/\/api.w.org\/{rel}","templated":true}]}}