





{"id":3604,"date":"2026-02-07T12:11:32","date_gmt":"2026-02-07T09:11:32","guid":{"rendered":"https:\/\/ovanap.com\/pt\/?post_type=product&#038;p=3604"},"modified":"2026-03-31T01:33:36","modified_gmt":"2026-03-30T22:33:36","slug":"apple-iphone-12-pro","status":"publish","type":"product","link":"https:\/\/ovanap.com\/pt\/product\/telefonai\/apple\/iphone\/apple-iphone-12-pro\/","title":{"rendered":"Apple iPhone 12 Pro"},"content":{"rendered":"<p>Apple iPhone 12 Pro i\u0161manusis telefonas su premium dizainu, galingu na\u0161umu ir pa\u017eangia kamera.<br \/>\nAtminties ir spalv\u0173 pasirinkimai bus prieinami v\u0117liau.<\/p>\n","protected":false},"excerpt":{"rendered":"<p>Apple iPhone 12 Pro \u2013 auk\u0161tos klas\u0117s i\u0161manusis telefonas su premium dizainu, galingu na\u0161umu ir pa\u017eangia kamera.<\/p>\n","protected":false},"featured_media":3686,"template":"","meta":{"_acf_changed":false,"_crdt_document":""},"product_brand":[117],"product_cat":[53,159,50],"product_tag":[],"class_list":{"0":"post-3604","1":"product","2":"type-product","3":"status-publish","4":"has-post-thumbnail","6":"product_brand-apple","7":"product_cat-apple","8":"product_cat-iphone","9":"product_cat-telefonai","11":"first","12":"instock","13":"shipping-taxable","14":"product-type-simple"},"bundled_by":[],"bundle_stock_status":"instock","bundle_stock_quantity":null,"bundle_virtual":false,"bundle_layout":"","bundle_add_to_cart_form_location":"","bundle_editable_in_cart":false,"bundle_sold_individually_context":"","bundle_item_grouping":"","bundle_min_size":"","bundle_max_size":"","bundle_price":[],"bundled_items":[],"bundle_sell_ids":[],"acf":[],"gallery_images":[3607],"_links":{"self":[{"href":"https:\/\/ovanap.com\/pt\/wp-json\/wp\/v2\/product\/3604","targetHints":{"allow":["GET"]}}],"collection":[{"href":"https:\/\/ovanap.com\/pt\/wp-json\/wp\/v2\/product"}],"about":[{"href":"https:\/\/ovanap.com\/pt\/wp-json\/wp\/v2\/types\/product"}],"wp:featuredmedia":[{"embeddable":true,"href":"https:\/\/ovanap.com\/pt\/wp-json\/wp\/v2\/media\/3686"}],"wp:attachment":[{"href":"https:\/\/ovanap.com\/pt\/wp-json\/wp\/v2\/media?parent=3604"}],"wp:term":[{"taxonomy":"product_brand","embeddable":true,"href":"https:\/\/ovanap.com\/pt\/wp-json\/wp\/v2\/product_brand?post=3604"},{"taxonomy":"product_cat","embeddable":true,"href":"https:\/\/ovanap.com\/pt\/wp-json\/wp\/v2\/product_cat?post=3604"},{"taxonomy":"product_tag","embeddable":true,"href":"https:\/\/ovanap.com\/pt\/wp-json\/wp\/v2\/product_tag?post=3604"}],"curies":[{"name":"wp","href":"https:\/\/api.w.org\/{rel}","templated":true}]}}