





{"id":3553,"date":"2026-02-07T08:31:41","date_gmt":"2026-02-07T05:31:41","guid":{"rendered":"https:\/\/ovanap.com\/pt\/?post_type=product&#038;p=3553"},"modified":"2026-03-31T01:36:24","modified_gmt":"2026-03-30T22:36:24","slug":"galaxy-a24-5g","status":"publish","type":"product","link":"https:\/\/ovanap.com\/pt\/product\/telefonai\/samsung\/galaxy-a24-5g\/","title":{"rendered":"Galaxy A24 5G"},"content":{"rendered":"<p>Samsung Galaxy A24 5G \u2013 eleganti\u0161kas ir pa\u017eangus i\u0161manusis telefonas, sukurtas tiems, kurie nori derinti modern\u0173 dizain\u0105, pa\u017eangias technologijas ir greit\u0105 ry\u0161\u012f. \u012erenginys pasi\u017eymi 6,5 coli\u0173 FHD+ Super AMOLED ekranu, kuriame spalvos atrodo sodrios ir detal\u0117s \u2013 ai\u0161kios. Ekranas taip pat suteikia puiki\u0105 matomum\u0105 net ry\u0161kioje \u0161viesoje.<\/p>\n<p>Fotografuokite \u012fvairias akimirkas su daugiafunkcine kamera, kuri apima pagrindin\u0119 50 MP OIS kamer\u0105, itin pla\u010di\u0105 kamer\u0105 ir makro objektyv\u0105 \u2013 tai leid\u017eia fiksuoti pla\u010dias scenas, artimus objektus ir kiekvien\u0105 detal\u0119. Priekin\u0117 13 MP kamera puikiai tinka asmenuk\u0117ms ir vaizdo skambu\u010diams.<\/p>\n<p>Telefonas u\u017etikrina greit\u0105 ir skland\u0173 veikim\u0105 kasdien\u0117ms u\u017eduotims, socialinei medijai, pramogoms ir darbui internete, o 5G ry\u0161ys leid\u017eia m\u0117gautis greitu atsisiuntimu, transliavimu ir \u017eaidimais. Galimos vidin\u0117s atminties ir RAM konfig\u016bracijos suteikia pakankamai vietos program\u0117l\u0117ms ir turiniui su galimybe i\u0161pl\u0117sti saugykl\u0105 su microSD kortele.<\/p>\n<p>Didel\u0117s talpos 5000 mAh baterija u\u017etikrina ilgai trunkant\u012f veikim\u0105 be da\u017enio \u012fkrovimo, o integruotos technologijos palaiko patog\u0173 ir skland\u0173 naudojim\u0105 vis\u0105 dien\u0105. Galaxy A24 5G \u2013 puikus pasirinkimas tiems, kurie vertina ry\u0161k\u0173 ekran\u0105, geras kameros galimybes, 5G greit\u012f ir patikim\u0105 baterijos veikim\u0105<\/p>\n","protected":false},"excerpt":{"rendered":"<p>Samsung Galaxy A24 5G \u2013 modernus ir funkcionalus i\u0161manusis telefonas su ry\u0161kiu 6,5\u2033 FHD+ Super AMOLED ekranu, galinga kamera, ilgaam\u017ee baterija ir 5G ry\u0161iu, suteikiantis skland\u017ei\u0105 kasdien\u0119 patirt\u012f.<\/p>\n","protected":false},"featured_media":3712,"template":"","meta":{"_acf_changed":false,"_crdt_document":""},"product_brand":[166],"product_cat":[54,50],"product_tag":[],"class_list":{"0":"post-3553","1":"product","2":"type-product","3":"status-publish","4":"has-post-thumbnail","6":"product_brand-samsung","7":"product_cat-samsung","8":"product_cat-telefonai","10":"first","11":"instock","12":"shipping-taxable","13":"product-type-simple"},"bundled_by":[],"bundle_stock_status":"instock","bundle_stock_quantity":null,"bundle_virtual":false,"bundle_layout":"","bundle_add_to_cart_form_location":"","bundle_editable_in_cart":false,"bundle_sold_individually_context":"","bundle_item_grouping":"","bundle_min_size":"","bundle_max_size":"","bundle_price":[],"bundled_items":[],"bundle_sell_ids":[],"acf":[],"gallery_images":[],"_links":{"self":[{"href":"https:\/\/ovanap.com\/pt\/wp-json\/wp\/v2\/product\/3553","targetHints":{"allow":["GET"]}}],"collection":[{"href":"https:\/\/ovanap.com\/pt\/wp-json\/wp\/v2\/product"}],"about":[{"href":"https:\/\/ovanap.com\/pt\/wp-json\/wp\/v2\/types\/product"}],"wp:featuredmedia":[{"embeddable":true,"href":"https:\/\/ovanap.com\/pt\/wp-json\/wp\/v2\/media\/3712"}],"wp:attachment":[{"href":"https:\/\/ovanap.com\/pt\/wp-json\/wp\/v2\/media?parent=3553"}],"wp:term":[{"taxonomy":"product_brand","embeddable":true,"href":"https:\/\/ovanap.com\/pt\/wp-json\/wp\/v2\/product_brand?post=3553"},{"taxonomy":"product_cat","embeddable":true,"href":"https:\/\/ovanap.com\/pt\/wp-json\/wp\/v2\/product_cat?post=3553"},{"taxonomy":"product_tag","embeddable":true,"href":"https:\/\/ovanap.com\/pt\/wp-json\/wp\/v2\/product_tag?post=3553"}],"curies":[{"name":"wp","href":"https:\/\/api.w.org\/{rel}","templated":true}]}}