





{"id":3548,"date":"2026-02-07T08:12:24","date_gmt":"2026-02-07T05:12:24","guid":{"rendered":"https:\/\/ovanap.com\/pt\/?post_type=product&#038;p=3548"},"modified":"2026-03-31T01:36:25","modified_gmt":"2026-03-30T22:36:25","slug":"galaxy-a32","status":"publish","type":"product","link":"https:\/\/ovanap.com\/pt\/product\/telefonai\/samsung\/galaxy-a32\/","title":{"rendered":"Galaxy A32"},"content":{"rendered":"<p>Samsung Galaxy A32 \u2013 tai subalansuotas ir stilingas i\u0161manusis telefonas, sukurtas kasdieniams poreikiams. Telefonas i\u0161siskiria 6,4 colio FHD+ Super AMOLED ekranu su 90 Hz atnaujinimo da\u017eniu, kuris u\u017etikrina ry\u0161kias spalvas, skland\u0173 slinkim\u0105 ir maloni\u0105 \u017ei\u016br\u0117jimo patirt\u012f tiek nar\u0161ant, tiek \u017ei\u016brint vaizdo \u012fra\u0161us ar naudojantis program\u0117l\u0117mis.<\/p>\n<p>Fotografuokite su keturi\u0173 kamer\u0173 sistema, kurios pagrind\u0105 sudaro 64 MP pagrindin\u0117 kamera, leid\u017eianti fiksuoti detalias ir ry\u0161kias nuotraukas. Ultra plataus kampo, makro ir gylio kameros suteikia daugiau k\u016brybini\u0173 galimybi\u0173 skirtingoms fotografavimo situacijoms. Priekin\u0117 kamera puikiai tinka asmenuk\u0117ms ir vaizdo skambu\u010diams.<\/p>\n","protected":false},"excerpt":{"rendered":"<p>Samsung Galaxy A32 \u2013 patikimas vidutin\u0117s klas\u0117s i\u0161manusis telefonas su 6,4 colio Super AMOLED 90 Hz ekranu, 64 MP keturi\u0173 kamer\u0173 sistema, 5000 mAh talpos baterija ir skland\u017eiu kasdieniu veikimu.<\/p>\n","protected":false},"featured_media":3715,"template":"","meta":{"_acf_changed":false,"_crdt_document":""},"product_brand":[166],"product_cat":[54,50],"product_tag":[],"class_list":{"0":"post-3548","1":"product","2":"type-product","3":"status-publish","4":"has-post-thumbnail","6":"product_brand-samsung","7":"product_cat-samsung","8":"product_cat-telefonai","10":"first","11":"instock","12":"shipping-taxable","13":"product-type-simple"},"bundled_by":[],"bundle_stock_status":"instock","bundle_stock_quantity":null,"bundle_virtual":false,"bundle_layout":"","bundle_add_to_cart_form_location":"","bundle_editable_in_cart":false,"bundle_sold_individually_context":"","bundle_item_grouping":"","bundle_min_size":"","bundle_max_size":"","bundle_price":[],"bundled_items":[],"bundle_sell_ids":[],"acf":[],"gallery_images":[],"_links":{"self":[{"href":"https:\/\/ovanap.com\/pt\/wp-json\/wp\/v2\/product\/3548","targetHints":{"allow":["GET"]}}],"collection":[{"href":"https:\/\/ovanap.com\/pt\/wp-json\/wp\/v2\/product"}],"about":[{"href":"https:\/\/ovanap.com\/pt\/wp-json\/wp\/v2\/types\/product"}],"wp:featuredmedia":[{"embeddable":true,"href":"https:\/\/ovanap.com\/pt\/wp-json\/wp\/v2\/media\/3715"}],"wp:attachment":[{"href":"https:\/\/ovanap.com\/pt\/wp-json\/wp\/v2\/media?parent=3548"}],"wp:term":[{"taxonomy":"product_brand","embeddable":true,"href":"https:\/\/ovanap.com\/pt\/wp-json\/wp\/v2\/product_brand?post=3548"},{"taxonomy":"product_cat","embeddable":true,"href":"https:\/\/ovanap.com\/pt\/wp-json\/wp\/v2\/product_cat?post=3548"},{"taxonomy":"product_tag","embeddable":true,"href":"https:\/\/ovanap.com\/pt\/wp-json\/wp\/v2\/product_tag?post=3548"}],"curies":[{"name":"wp","href":"https:\/\/api.w.org\/{rel}","templated":true}]}}