





{"id":3546,"date":"2026-02-07T08:07:25","date_gmt":"2026-02-07T05:07:25","guid":{"rendered":"https:\/\/ovanap.com\/pt\/?post_type=product&#038;p=3546"},"modified":"2026-03-31T01:36:25","modified_gmt":"2026-03-30T22:36:25","slug":"galaxy-a40-2","status":"publish","type":"product","link":"https:\/\/ovanap.com\/pt\/product\/telefonai\/samsung\/galaxy-a40-2\/","title":{"rendered":"Galaxy A40"},"content":{"rendered":"<p>Samsung Galaxy A40 \u2013 tai eleganti\u0161kas ir patogus naudoti i\u0161manusis telefonas, skirtas tiems, kurie vertina kompakti\u0161k\u0105 dyd\u012f, ry\u0161k\u0173 ekran\u0105 ir lengv\u0105 korpus\u0105. D\u0117l savo nedidelio svorio ir ergonomi\u0161ko dizaino telefonas puikiai telpa rankoje ir yra patogus naudoti viena ranka.<\/p>\n<p>\u012erenginys apr\u016bpintas 5,9 colio FHD+ Super AMOLED Infinity-U ekranu, kuris u\u017etikrina sodrias spalvas, auk\u0161t\u0105 kontrast\u0105 ir ai\u0161k\u0173 vaizd\u0105 kasdieniam turinio per\u017ei\u016br\u0117jimui, nar\u0161ymui ar vaizdo \u012fra\u0161ams.<\/p>\n","protected":false},"excerpt":{"rendered":"<p>Samsung Galaxy A40 \u2013 kompakti\u0161kas ir lengvas i\u0161manusis telefonas su 5,9 colio Super AMOLED ekranu, dviguba galine kamera, 25 MP priekine kamera ir patikimu kasdieniu veikimu.<\/p>\n","protected":false},"featured_media":3717,"template":"","meta":{"_acf_changed":false,"_crdt_document":""},"product_brand":[166],"product_cat":[54,50],"product_tag":[],"class_list":{"0":"post-3546","1":"product","2":"type-product","3":"status-publish","4":"has-post-thumbnail","6":"product_brand-samsung","7":"product_cat-samsung","8":"product_cat-telefonai","10":"first","11":"instock","12":"shipping-taxable","13":"product-type-simple"},"bundled_by":[],"bundle_stock_status":"instock","bundle_stock_quantity":null,"bundle_virtual":false,"bundle_layout":"","bundle_add_to_cart_form_location":"","bundle_editable_in_cart":false,"bundle_sold_individually_context":"","bundle_item_grouping":"","bundle_min_size":"","bundle_max_size":"","bundle_price":[],"bundled_items":[],"bundle_sell_ids":[],"acf":[],"gallery_images":[],"_links":{"self":[{"href":"https:\/\/ovanap.com\/pt\/wp-json\/wp\/v2\/product\/3546","targetHints":{"allow":["GET"]}}],"collection":[{"href":"https:\/\/ovanap.com\/pt\/wp-json\/wp\/v2\/product"}],"about":[{"href":"https:\/\/ovanap.com\/pt\/wp-json\/wp\/v2\/types\/product"}],"wp:featuredmedia":[{"embeddable":true,"href":"https:\/\/ovanap.com\/pt\/wp-json\/wp\/v2\/media\/3717"}],"wp:attachment":[{"href":"https:\/\/ovanap.com\/pt\/wp-json\/wp\/v2\/media?parent=3546"}],"wp:term":[{"taxonomy":"product_brand","embeddable":true,"href":"https:\/\/ovanap.com\/pt\/wp-json\/wp\/v2\/product_brand?post=3546"},{"taxonomy":"product_cat","embeddable":true,"href":"https:\/\/ovanap.com\/pt\/wp-json\/wp\/v2\/product_cat?post=3546"},{"taxonomy":"product_tag","embeddable":true,"href":"https:\/\/ovanap.com\/pt\/wp-json\/wp\/v2\/product_tag?post=3546"}],"curies":[{"name":"wp","href":"https:\/\/api.w.org\/{rel}","templated":true}]}}