





{"id":3543,"date":"2026-02-07T07:26:06","date_gmt":"2026-02-07T04:26:06","guid":{"rendered":"https:\/\/ovanap.com\/pt\/?post_type=product&#038;p=3543"},"modified":"2026-02-11T16:04:25","modified_gmt":"2026-02-11T13:04:25","slug":"galaxy-a32-5g","status":"publish","type":"product","link":"https:\/\/ovanap.com\/pt\/product\/misc\/galaxy-a32-5g\/","title":{"rendered":"Galaxy A32 5G"},"content":{"rendered":"<p>Samsung Galaxy A32 \u2013 stilingas ir funkcionalus i\u0161manusis telefonas, sukurtas kasdieniams poreikiams. Jis pasi\u017eymi 6,4 coli\u0173 FHD+ Super AMOLED ekranu su 90 Hz atnaujinimo da\u017eniu, kuris u\u017etikrina ry\u0161kias spalvas, skland\u0173 slinkim\u0105 ir puik\u0173 matomum\u0105 net lauke, iki 800 nit\u0173 ry\u0161kumo.<\/p>\n<p>Telefonas apr\u016bpintas keturi\u0173 kamer\u0173 sistema, kurios pagrindas \u2013 64 MP pagrindin\u0117 kamera, leid\u017eianti fiksuoti detalias ir ai\u0161kias nuotraukas. Ultra plataus kampo, makro ir gylio kameros suteikia daugiau k\u016brybini\u0173 galimybi\u0173, o 20 MP priekin\u0117 kamera puikiai tinka asmenuk\u0117ms ir vaizdo skambu\u010diams.<\/p>\n","protected":false},"excerpt":{"rendered":"<p>Samsung Galaxy A32 \u2013 patikimas vidutin\u0117s klas\u0117s i\u0161manusis telefonas su 6,4 coli\u0173 Super AMOLED 90 Hz ekranu, 64 MP keturi\u0173 kamer\u0173 sistema, 5000 mAh talpos baterija ir skland\u017eiu kasdieniu veikimu.<\/p>\n","protected":false},"featured_media":3719,"template":"","meta":{"_acf_changed":false,"_crdt_document":""},"product_brand":[],"product_cat":[16],"product_tag":[],"class_list":{"0":"post-3543","1":"product","2":"type-product","3":"status-publish","4":"has-post-thumbnail","6":"product_cat-misc","8":"first","9":"instock","10":"shipping-taxable","11":"product-type-simple"},"bundled_by":[],"bundle_stock_status":"instock","bundle_stock_quantity":null,"bundle_virtual":false,"bundle_layout":"","bundle_add_to_cart_form_location":"","bundle_editable_in_cart":false,"bundle_sold_individually_context":"","bundle_item_grouping":"","bundle_min_size":"","bundle_max_size":"","bundle_price":[],"bundled_items":[],"bundle_sell_ids":[],"acf":[],"gallery_images":[],"_links":{"self":[{"href":"https:\/\/ovanap.com\/pt\/wp-json\/wp\/v2\/product\/3543","targetHints":{"allow":["GET"]}}],"collection":[{"href":"https:\/\/ovanap.com\/pt\/wp-json\/wp\/v2\/product"}],"about":[{"href":"https:\/\/ovanap.com\/pt\/wp-json\/wp\/v2\/types\/product"}],"wp:featuredmedia":[{"embeddable":true,"href":"https:\/\/ovanap.com\/pt\/wp-json\/wp\/v2\/media\/3719"}],"wp:attachment":[{"href":"https:\/\/ovanap.com\/pt\/wp-json\/wp\/v2\/media?parent=3543"}],"wp:term":[{"taxonomy":"product_brand","embeddable":true,"href":"https:\/\/ovanap.com\/pt\/wp-json\/wp\/v2\/product_brand?post=3543"},{"taxonomy":"product_cat","embeddable":true,"href":"https:\/\/ovanap.com\/pt\/wp-json\/wp\/v2\/product_cat?post=3543"},{"taxonomy":"product_tag","embeddable":true,"href":"https:\/\/ovanap.com\/pt\/wp-json\/wp\/v2\/product_tag?post=3543"}],"curies":[{"name":"wp","href":"https:\/\/api.w.org\/{rel}","templated":true}]}}