





{"id":3522,"date":"2026-02-07T05:36:54","date_gmt":"2026-02-07T02:36:54","guid":{"rendered":"https:\/\/ovanap.com\/pt\/?post_type=product&#038;p=3522"},"modified":"2026-03-31T01:36:27","modified_gmt":"2026-03-30T22:36:27","slug":"galaxy-a53-5g","status":"publish","type":"product","link":"https:\/\/ovanap.com\/pt\/product\/telefonai\/samsung\/galaxy-a53-5g\/","title":{"rendered":"Galaxy A53 5G"},"content":{"rendered":"<p>Samsung Galaxy A53 5G \u2013 i\u0161manusis telefonas, sukurtas tiems, kurie vertina na\u0161um\u0105, stili\u0173 ir patikimum\u0105. Telefonas pasi\u017eymi moderniu dizainu ir eleganti\u0161ku profiliu, prieinamas patrauklioje Awesome Blue spalvoje.<\/p>\n<p>M\u0117gaukit\u0117s 6,5 coli\u0173 FHD+ Super AMOLED ekranu su 120 Hz atnaujinimo da\u017eniu, kuris u\u017etikrina itin skland\u017ei\u0105 vaizdo per\u017ei\u016br\u0105, ry\u0161kias spalvas ir detalias nuotraukas ar vaizdo \u012fra\u0161us. Fotografuokite bet kuriuo paros metu su 64MP OIS pagrindine kamera, fiksuojan\u010dia ry\u0161kias, detalias ir spalvingas nuotraukas, o Photo Remaster funkcija pagerina vaizdo kokyb\u0119 ir spalvas.<\/p>\n<p>Galaxy A53 5G turi ilgai veikian\u010di\u0105 baterij\u0105, leid\u017eian\u010di\u0105 naudotis telefonu iki 2 dien\u0173 be papildomo \u012fkrovimo, taip pat yra atsparus vandeniui ir dulk\u0117ms, tod\u0117l patikimai veikia bet kokiomis s\u0105lygomis.<\/p>\n<p>Samsung Galaxy A53 5G \u2013 puikus pasirinkimas tiems, kurie nori pa\u017eangaus, stilingo ir funkcionalaus i\u0161maniojo telefono, skirt\u0105 kasdieniam naudojimui ir k\u016brybi\u0161kai fotografijai.<\/p>\n","protected":false},"excerpt":{"rendered":"<p>Samsung Galaxy A53 5G \u2013 stilingas ir pa\u017eangus i\u0161manusis telefonas su 6,5 coli\u0173 FHD+ Super AMOLED 120 Hz ekranu, 64MP OIS kamera, ilgaam\u017ee baterija iki 2 dien\u0173 ir atsparumu vandeniui bei dulk\u0117ms.<\/p>\n","protected":false},"featured_media":3734,"template":"","meta":{"_acf_changed":false,"_crdt_document":""},"product_brand":[166],"product_cat":[54,50],"product_tag":[],"class_list":{"0":"post-3522","1":"product","2":"type-product","3":"status-publish","4":"has-post-thumbnail","6":"product_brand-samsung","7":"product_cat-samsung","8":"product_cat-telefonai","10":"first","11":"instock","12":"shipping-taxable","13":"product-type-simple"},"bundled_by":[],"bundle_stock_status":"instock","bundle_stock_quantity":null,"bundle_virtual":false,"bundle_layout":"","bundle_add_to_cart_form_location":"","bundle_editable_in_cart":false,"bundle_sold_individually_context":"","bundle_item_grouping":"","bundle_min_size":"","bundle_max_size":"","bundle_price":[],"bundled_items":[],"bundle_sell_ids":[],"acf":[],"gallery_images":[],"_links":{"self":[{"href":"https:\/\/ovanap.com\/pt\/wp-json\/wp\/v2\/product\/3522","targetHints":{"allow":["GET"]}}],"collection":[{"href":"https:\/\/ovanap.com\/pt\/wp-json\/wp\/v2\/product"}],"about":[{"href":"https:\/\/ovanap.com\/pt\/wp-json\/wp\/v2\/types\/product"}],"wp:featuredmedia":[{"embeddable":true,"href":"https:\/\/ovanap.com\/pt\/wp-json\/wp\/v2\/media\/3734"}],"wp:attachment":[{"href":"https:\/\/ovanap.com\/pt\/wp-json\/wp\/v2\/media?parent=3522"}],"wp:term":[{"taxonomy":"product_brand","embeddable":true,"href":"https:\/\/ovanap.com\/pt\/wp-json\/wp\/v2\/product_brand?post=3522"},{"taxonomy":"product_cat","embeddable":true,"href":"https:\/\/ovanap.com\/pt\/wp-json\/wp\/v2\/product_cat?post=3522"},{"taxonomy":"product_tag","embeddable":true,"href":"https:\/\/ovanap.com\/pt\/wp-json\/wp\/v2\/product_tag?post=3522"}],"curies":[{"name":"wp","href":"https:\/\/api.w.org\/{rel}","templated":true}]}}