





{"id":3496,"date":"2026-02-07T04:26:42","date_gmt":"2026-02-07T01:26:42","guid":{"rendered":"https:\/\/ovanap.com\/pt\/?post_type=product&#038;p=3496"},"modified":"2026-03-31T01:36:30","modified_gmt":"2026-03-30T22:36:30","slug":"galaxy-a35-5g","status":"publish","type":"product","link":"https:\/\/ovanap.com\/pt\/product\/telefonai\/samsung\/galaxy-a35-5g\/","title":{"rendered":"Galaxy A35 5G"},"content":{"rendered":"<p>Samsung Galaxy A35 5G \u2013 stilingas ir funkcionalus i\u0161manusis telefonas, kuris sujungia gro\u017e\u012f ir technologijas. Premium dizainas su linijine kamer\u0173 i\u0161d\u0117stymo koncepcija, eleganti\u0161ku stiklo nugar\u0117le ir lygiomis \u0161onin\u0117mis kra\u0161tin\u0117mis suteikia moderni\u0105 ir minimalistin\u0119 i\u0161vaizd\u0105.<\/p>\n<p>Fiksuokite kiekvien\u0105 akimirk\u0105 su detaliomis ir ry\u0161kiomis nuotraukomis bei vaizdo \u012fra\u0161ais tiek dien\u0105, tiek nakt\u012f. Patobulintas NPU ir jutiklis u\u017etikrina, kad naktin\u0117s nuotraukos b\u016bt\u0173 \u0161viesios, ry\u0161kios ir detaliai u\u017efiksuotos \u2013 nuo naktini\u0173 peiza\u017e\u0173 iki portret\u0173.<\/p>\n<p>M\u0117gaukit\u0117s naujos kartos Infinity-O Super AMOLED ekranu, kuris pasi\u017eymi sodriomis spalvomis ir puikia matomumu lauke. Samsung Knox Vault atmintis saugo j\u016bs\u0173 jautri\u0105 informacij\u0105, u\u017etikrindama dar didesn\u012f saugum\u0105.<\/p>\n<p>Be to, dabar galima naudoti funkcij\u0105 \u201eCircle and Find\u201c \u2013 papras\u010diausiai apskrite objekt\u0105 ar tekst\u0105 ir gaukite Google paie\u0161kos rezultatus tiesiai telefone. Galaxy A35 5G \u2013 gro\u017eis ir na\u0161umas viename, sukurtas tiems, kurie nori daugiau i\u0161 savo i\u0161maniojo telefono.<\/p>\n","protected":false},"excerpt":{"rendered":"<p>Samsung Galaxy A35 5G \u2013 eleganti\u0161ko dizaino i\u0161manusis telefonas su \u012fsp\u016bdinga kamera, detaliomis nuotraukomis ir vaizdo \u012fra\u0161ais dien\u0105 ar nakt\u012f, ry\u0161kiu Super AMOLED ekranu ir saugia Samsung Knox Vault atmintimi.<\/p>\n","protected":false},"featured_media":3740,"template":"","meta":{"_acf_changed":false,"_crdt_document":""},"product_brand":[166],"product_cat":[54,50],"product_tag":[],"class_list":{"0":"post-3496","1":"product","2":"type-product","3":"status-publish","4":"has-post-thumbnail","6":"product_brand-samsung","7":"product_cat-samsung","8":"product_cat-telefonai","10":"first","11":"instock","12":"shipping-taxable","13":"product-type-simple"},"bundled_by":[],"bundle_stock_status":"instock","bundle_stock_quantity":null,"bundle_virtual":false,"bundle_layout":"","bundle_add_to_cart_form_location":"","bundle_editable_in_cart":false,"bundle_sold_individually_context":"","bundle_item_grouping":"","bundle_min_size":"","bundle_max_size":"","bundle_price":[],"bundled_items":[],"bundle_sell_ids":[],"acf":[],"gallery_images":[],"_links":{"self":[{"href":"https:\/\/ovanap.com\/pt\/wp-json\/wp\/v2\/product\/3496","targetHints":{"allow":["GET"]}}],"collection":[{"href":"https:\/\/ovanap.com\/pt\/wp-json\/wp\/v2\/product"}],"about":[{"href":"https:\/\/ovanap.com\/pt\/wp-json\/wp\/v2\/types\/product"}],"wp:featuredmedia":[{"embeddable":true,"href":"https:\/\/ovanap.com\/pt\/wp-json\/wp\/v2\/media\/3740"}],"wp:attachment":[{"href":"https:\/\/ovanap.com\/pt\/wp-json\/wp\/v2\/media?parent=3496"}],"wp:term":[{"taxonomy":"product_brand","embeddable":true,"href":"https:\/\/ovanap.com\/pt\/wp-json\/wp\/v2\/product_brand?post=3496"},{"taxonomy":"product_cat","embeddable":true,"href":"https:\/\/ovanap.com\/pt\/wp-json\/wp\/v2\/product_cat?post=3496"},{"taxonomy":"product_tag","embeddable":true,"href":"https:\/\/ovanap.com\/pt\/wp-json\/wp\/v2\/product_tag?post=3496"}],"curies":[{"name":"wp","href":"https:\/\/api.w.org\/{rel}","templated":true}]}}