





{"id":3474,"date":"2026-02-07T03:33:24","date_gmt":"2026-02-07T00:33:24","guid":{"rendered":"https:\/\/ovanap.com\/pt\/?post_type=product&#038;p=3474"},"modified":"2026-03-31T01:36:33","modified_gmt":"2026-03-30T22:36:33","slug":"galaxy-a16","status":"publish","type":"product","link":"https:\/\/ovanap.com\/pt\/product\/telefonai\/samsung\/galaxy-a16\/","title":{"rendered":"Galaxy A16"},"content":{"rendered":"<p>Samsung Galaxy A16 suteikia daugiau erdv\u0117s m\u0117gautis turiniu d\u0117l didelio ir ry\u0161kaus ekrano. Vaizdo \u012fra\u0161ai, nuotraukos ir kitas turinys atrodo gyvai bei detaliai, tod\u0117l telefonas puikiai tinka pramogoms ir kasdieniam naudojimui.<\/p>\n<p>\u012erenginys pasi\u017eymi skland\u017eiu veikimu, leid\u017eian\u010diu patogiai atlikti kasdienes u\u017eduotis \u2013 nuo nar\u0161ymo internete iki darbo ar \u017eaidim\u0173. Subalansuotas na\u0161umas u\u017etikrina stabil\u0173 ir patikim\u0105 naudojim\u0105 \u012fvairiose situacijose.<\/p>\n<p>Modernus ir prakti\u0161kas dizainas suteikia Galaxy A16 stiling\u0105 i\u0161vaizd\u0105 bei patog\u0173 poj\u016bt\u012f laikant telefon\u0105 rankoje. Tai puikus pasirinkimas ie\u0161kantiems funkcionalaus ir patikimo i\u0161maniojo telefono kasdien\u0117ms reikm\u0117ms.<\/p>\n<p>Samsung Galaxy A16 \u2013 prakti\u0161kas sprendimas pramogoms, darbui ir bendravimui.<\/p>\n","protected":false},"excerpt":{"rendered":"<p>Samsung Galaxy A16 \u2013 modernus ir patikimas i\u0161manusis telefonas, skirtas kasdieniam naudojimui.<\/p>\n<p>Ry\u0161kus ekranas ir sklandus veikimas u\u017etikrina maloni\u0105 patirt\u012f pramogoms, darbui ir bendravimui.<\/p>\n","protected":false},"featured_media":3745,"template":"","meta":{"_acf_changed":false,"_crdt_document":""},"product_brand":[166],"product_cat":[54,50],"product_tag":[],"class_list":{"0":"post-3474","1":"product","2":"type-product","3":"status-publish","4":"has-post-thumbnail","6":"product_brand-samsung","7":"product_cat-samsung","8":"product_cat-telefonai","10":"first","11":"instock","12":"shipping-taxable","13":"product-type-simple"},"bundled_by":[],"bundle_stock_status":"instock","bundle_stock_quantity":null,"bundle_virtual":false,"bundle_layout":"","bundle_add_to_cart_form_location":"","bundle_editable_in_cart":false,"bundle_sold_individually_context":"","bundle_item_grouping":"","bundle_min_size":"","bundle_max_size":"","bundle_price":[],"bundled_items":[],"bundle_sell_ids":[],"acf":[],"gallery_images":[3476],"_links":{"self":[{"href":"https:\/\/ovanap.com\/pt\/wp-json\/wp\/v2\/product\/3474","targetHints":{"allow":["GET"]}}],"collection":[{"href":"https:\/\/ovanap.com\/pt\/wp-json\/wp\/v2\/product"}],"about":[{"href":"https:\/\/ovanap.com\/pt\/wp-json\/wp\/v2\/types\/product"}],"wp:featuredmedia":[{"embeddable":true,"href":"https:\/\/ovanap.com\/pt\/wp-json\/wp\/v2\/media\/3745"}],"wp:attachment":[{"href":"https:\/\/ovanap.com\/pt\/wp-json\/wp\/v2\/media?parent=3474"}],"wp:term":[{"taxonomy":"product_brand","embeddable":true,"href":"https:\/\/ovanap.com\/pt\/wp-json\/wp\/v2\/product_brand?post=3474"},{"taxonomy":"product_cat","embeddable":true,"href":"https:\/\/ovanap.com\/pt\/wp-json\/wp\/v2\/product_cat?post=3474"},{"taxonomy":"product_tag","embeddable":true,"href":"https:\/\/ovanap.com\/pt\/wp-json\/wp\/v2\/product_tag?post=3474"}],"curies":[{"name":"wp","href":"https:\/\/api.w.org\/{rel}","templated":true}]}}