





{"id":3464,"date":"2026-02-07T03:08:39","date_gmt":"2026-02-07T00:08:39","guid":{"rendered":"https:\/\/ovanap.com\/pt\/?post_type=product&#038;p=3464"},"modified":"2026-03-31T01:36:34","modified_gmt":"2026-03-30T22:36:34","slug":"galaxy-a36-5g","status":"publish","type":"product","link":"https:\/\/ovanap.com\/pt\/product\/telefonai\/samsung\/galaxy-a36-5g\/","title":{"rendered":"Galaxy A36 5G"},"content":{"rendered":"<p>Samsung Galaxy A36 5G suteikia \u012ftraukiant\u012f naudojimo ir pramog\u0173 patyrim\u0105 d\u0117l didelio ir ry\u0161kaus ekrano. \u012erenginys puikiai tinka \u017eaidimams, vaizdo turinio per\u017ei\u016brai ir nar\u0161ymui internete.<\/p>\n<p>Ry\u0161kus FHD+ Super AMOLED ekranas u\u017etikrina skland\u0173 vaizd\u0105 ir ger\u0105 matomum\u0105 net esant ry\u0161kiai lauko \u0161viesai, tod\u0117l telefon\u0105 patogu naudoti bet kokiomis s\u0105lygomis.<\/p>\n<p>Minimalistinis ir plonas dizainas suteikia Galaxy A36 5G moderni\u0105 i\u0161vaizd\u0105. Linijinis kameros i\u0161d\u0117stymas, ploni r\u0117meliai ir plok\u0161\u010dios kra\u0161tin\u0117s sukuria stiling\u0105 bei malon\u0173 poj\u016bt\u012f laikant telefon\u0105 rankoje. Kokybi\u0161kos med\u017eiagos u\u017etikrina ilgaam\u017ei\u0161kum\u0105 ir patikimum\u0105.<\/p>\n<p>Samsung Galaxy A36 5G \u2013 puikus pasirinkimas ie\u0161kantiems funkcionalaus, eleganti\u0161ko ir patikimo i\u0161maniojo telefono.<\/p>\n","protected":false},"excerpt":{"rendered":"<p>Samsung Galaxy A36 5G \u2013 modernus ir stilingas i\u0161manusis telefonas, sukurtas patogiam kasdieniam naudojimui.<\/p>\n<p>Pasi\u017eymi auk\u0161tos kokyb\u0117s ekranu, skland\u017eiu veikimu ir patikima Samsung kokybe.<\/p>\n","protected":false},"featured_media":3466,"template":"","meta":{"_acf_changed":false,"_crdt_document":""},"product_brand":[166],"product_cat":[54,50],"product_tag":[],"class_list":{"0":"post-3464","1":"product","2":"type-product","3":"status-publish","4":"has-post-thumbnail","6":"product_brand-samsung","7":"product_cat-samsung","8":"product_cat-telefonai","10":"first","11":"instock","12":"shipping-taxable","13":"product-type-simple"},"bundled_by":[],"bundle_stock_status":"instock","bundle_stock_quantity":null,"bundle_virtual":false,"bundle_layout":"","bundle_add_to_cart_form_location":"","bundle_editable_in_cart":false,"bundle_sold_individually_context":"","bundle_item_grouping":"","bundle_min_size":"","bundle_max_size":"","bundle_price":[],"bundled_items":[],"bundle_sell_ids":[],"acf":[],"gallery_images":[3465],"_links":{"self":[{"href":"https:\/\/ovanap.com\/pt\/wp-json\/wp\/v2\/product\/3464","targetHints":{"allow":["GET"]}}],"collection":[{"href":"https:\/\/ovanap.com\/pt\/wp-json\/wp\/v2\/product"}],"about":[{"href":"https:\/\/ovanap.com\/pt\/wp-json\/wp\/v2\/types\/product"}],"wp:featuredmedia":[{"embeddable":true,"href":"https:\/\/ovanap.com\/pt\/wp-json\/wp\/v2\/media\/3466"}],"wp:attachment":[{"href":"https:\/\/ovanap.com\/pt\/wp-json\/wp\/v2\/media?parent=3464"}],"wp:term":[{"taxonomy":"product_brand","embeddable":true,"href":"https:\/\/ovanap.com\/pt\/wp-json\/wp\/v2\/product_brand?post=3464"},{"taxonomy":"product_cat","embeddable":true,"href":"https:\/\/ovanap.com\/pt\/wp-json\/wp\/v2\/product_cat?post=3464"},{"taxonomy":"product_tag","embeddable":true,"href":"https:\/\/ovanap.com\/pt\/wp-json\/wp\/v2\/product_tag?post=3464"}],"curies":[{"name":"wp","href":"https:\/\/api.w.org\/{rel}","templated":true}]}}