





{"id":3460,"date":"2026-02-07T02:33:28","date_gmt":"2026-02-06T23:33:28","guid":{"rendered":"https:\/\/ovanap.com\/pt\/?post_type=product&#038;p=3460"},"modified":"2026-03-31T01:36:34","modified_gmt":"2026-03-30T22:36:34","slug":"galaxy-a56-5g","status":"publish","type":"product","link":"https:\/\/ovanap.com\/pt\/product\/telefonai\/samsung\/galaxy-a56-5g\/","title":{"rendered":"Galaxy A56 5G"},"content":{"rendered":"<p>Samsung Galaxy A56 5G \u2013 modernus ir patikimas i\u0161manusis telefonas su 5G ry\u0161iu.<br \/>\nPlonas dizainas u\u017etikrina patog\u0173 laikym\u0105 rankoje, o atnaujinta kamera leid\u017eia<br \/>\nu\u017efiksuoti ry\u0161kias nuotraukas ir vaizdo \u012fra\u0161us.<\/p>\n<p>Telefonas palaiko \u201eCircle to Search\u201c funkcij\u0105 su \u201eGoogle\u201c, leid\u017eian\u010di\u0105 greitai<br \/>\nie\u0161koti informacijos tiesiog apibr\u0117\u017eiant objekt\u0105 ekrane. Pa\u017eangios fotografavimo<br \/>\nfunkcijos padeda lengvai redaguoti nuotraukas ir kurti auk\u0161tos kokyb\u0117s vaizdo \u012fra\u0161us.<\/p>\n","protected":false},"excerpt":{"rendered":"<p>Samsung Galaxy A56 5G su moderniu dizainu, 5G ry\u0161iu ir pa\u017eangia kamera kasdieniam naudojimui.<\/p>\n","protected":false},"featured_media":3462,"template":"","meta":{"_acf_changed":false,"_crdt_document":""},"product_brand":[166],"product_cat":[54,50],"product_tag":[],"class_list":{"0":"post-3460","1":"product","2":"type-product","3":"status-publish","4":"has-post-thumbnail","6":"product_brand-samsung","7":"product_cat-samsung","8":"product_cat-telefonai","10":"first","11":"instock","12":"shipping-taxable","13":"product-type-simple"},"bundled_by":[],"bundle_stock_status":"instock","bundle_stock_quantity":null,"bundle_virtual":false,"bundle_layout":"","bundle_add_to_cart_form_location":"","bundle_editable_in_cart":false,"bundle_sold_individually_context":"","bundle_item_grouping":"","bundle_min_size":"","bundle_max_size":"","bundle_price":[],"bundled_items":[],"bundle_sell_ids":[],"acf":[],"gallery_images":[3461],"_links":{"self":[{"href":"https:\/\/ovanap.com\/pt\/wp-json\/wp\/v2\/product\/3460","targetHints":{"allow":["GET"]}}],"collection":[{"href":"https:\/\/ovanap.com\/pt\/wp-json\/wp\/v2\/product"}],"about":[{"href":"https:\/\/ovanap.com\/pt\/wp-json\/wp\/v2\/types\/product"}],"wp:featuredmedia":[{"embeddable":true,"href":"https:\/\/ovanap.com\/pt\/wp-json\/wp\/v2\/media\/3462"}],"wp:attachment":[{"href":"https:\/\/ovanap.com\/pt\/wp-json\/wp\/v2\/media?parent=3460"}],"wp:term":[{"taxonomy":"product_brand","embeddable":true,"href":"https:\/\/ovanap.com\/pt\/wp-json\/wp\/v2\/product_brand?post=3460"},{"taxonomy":"product_cat","embeddable":true,"href":"https:\/\/ovanap.com\/pt\/wp-json\/wp\/v2\/product_cat?post=3460"},{"taxonomy":"product_tag","embeddable":true,"href":"https:\/\/ovanap.com\/pt\/wp-json\/wp\/v2\/product_tag?post=3460"}],"curies":[{"name":"wp","href":"https:\/\/api.w.org\/{rel}","templated":true}]}}