





{"id":3444,"date":"2026-02-04T16:06:50","date_gmt":"2026-02-04T13:06:50","guid":{"rendered":"https:\/\/ovanap.com\/pt\/?post_type=product&#038;p=3444"},"modified":"2026-03-31T01:34:35","modified_gmt":"2026-03-30T22:34:35","slug":"naudotas-oneplus-3-64gb-white","status":"publish","type":"product","link":"https:\/\/ovanap.com\/pt\/product\/telefonai\/oneplus\/naudotas-oneplus-3-64gb-white\/","title":{"rendered":"Naudotas Oneplus 3 64GB White"},"content":{"rendered":"<p>Dydis (mm)152.7 x 74.7 x 7.4 mm<br \/>\nKorpuso med\u017eiagaStiklas, Aliuminis, plastikas<br \/>\nSvoris (g)158<br \/>\nEkrano dydis (coliais)5,5<br \/>\nEkrano tipas (ekranas)Optic AMOLED<br \/>\nPagrindin\u0117 kamera (Mpix)16<br \/>\nPriekin\u0117 kamera (Mpix)8<br \/>\nAtminties kortel\u0117s palaikymasN\u0117ra<br \/>\nOperatyvi atmintis (RAM)6<br \/>\nVidin\u0117 atmintis64<br \/>\nNFCYra<br \/>\nSIM korteli\u0173 skai\u010dius2 Sim<br \/>\nAkumuliatoriaus talpa (mAh)Li-Ion 3000 mAh<br \/>\nGreito \u012fkrovimo funkcija20W wired<br \/>\nBelaid\u017eio \u012fkrovimo funkcijaN\u0117ra<\/p>\n","protected":false},"excerpt":{"rendered":"<p>VISIEMS PARDUODAMIEMS NAUDOTIEMS TELEFONAMS SUTEIKIAMA 3 M\u0116N. GARANTIJA!<\/p>\n<p>Naudotas Oneplus 3 64GB White<\/p>\n<p>Garantija: 3 m\u0117nesi\u0173.<\/p>\n<p>Komplektas: Kroviklis, D\u0117\u017eut\u0117<\/p>\n","protected":false},"featured_media":3445,"template":"","meta":{"_acf_changed":false,"_crdt_document":""},"product_brand":[165],"product_cat":[91,50],"product_tag":[],"class_list":{"0":"post-3444","1":"product","2":"type-product","3":"status-publish","4":"has-post-thumbnail","6":"product_brand-oneplus","7":"product_cat-oneplus","8":"product_cat-telefonai","10":"first","11":"instock","12":"shipping-taxable","13":"purchasable","14":"product-type-simple"},"bundled_by":[],"bundle_stock_status":"instock","bundle_stock_quantity":null,"bundle_virtual":false,"bundle_layout":"","bundle_add_to_cart_form_location":"","bundle_editable_in_cart":false,"bundle_sold_individually_context":"","bundle_item_grouping":"","bundle_min_size":"","bundle_max_size":"","bundle_price":[],"bundled_items":[],"bundle_sell_ids":[],"acf":[],"gallery_images":[3446],"_links":{"self":[{"href":"https:\/\/ovanap.com\/pt\/wp-json\/wp\/v2\/product\/3444","targetHints":{"allow":["GET"]}}],"collection":[{"href":"https:\/\/ovanap.com\/pt\/wp-json\/wp\/v2\/product"}],"about":[{"href":"https:\/\/ovanap.com\/pt\/wp-json\/wp\/v2\/types\/product"}],"wp:featuredmedia":[{"embeddable":true,"href":"https:\/\/ovanap.com\/pt\/wp-json\/wp\/v2\/media\/3445"}],"wp:attachment":[{"href":"https:\/\/ovanap.com\/pt\/wp-json\/wp\/v2\/media?parent=3444"}],"wp:term":[{"taxonomy":"product_brand","embeddable":true,"href":"https:\/\/ovanap.com\/pt\/wp-json\/wp\/v2\/product_brand?post=3444"},{"taxonomy":"product_cat","embeddable":true,"href":"https:\/\/ovanap.com\/pt\/wp-json\/wp\/v2\/product_cat?post=3444"},{"taxonomy":"product_tag","embeddable":true,"href":"https:\/\/ovanap.com\/pt\/wp-json\/wp\/v2\/product_tag?post=3444"}],"curies":[{"name":"wp","href":"https:\/\/api.w.org\/{rel}","templated":true}]}}