





{"id":3438,"date":"2026-02-04T15:59:01","date_gmt":"2026-02-04T12:59:01","guid":{"rendered":"https:\/\/ovanap.com\/pt\/?post_type=product&#038;p=3438"},"modified":"2026-03-31T01:33:41","modified_gmt":"2026-03-30T22:33:41","slug":"naudotas-apple-iphone-xs-64gb-space-gray","status":"publish","type":"product","link":"https:\/\/ovanap.com\/pt\/product\/telefonai\/apple\/naudotas-apple-iphone-xs-64gb-space-gray\/","title":{"rendered":"Naudotas Apple iPhone XS 64GB Space Gray"},"content":{"rendered":"<p>Dydis (mm)143.6 x 70.9 x 7.7 mm<br \/>\nKorpuso med\u017eiagaStiklas, Aliuminis, plastikas<br \/>\nSvoris (g)177<br \/>\nEkrano dydis (coliais)5.8<br \/>\nEkrano tipas (ekranas)Super Retina OLED, HDR10, Dolby Vision, 625 nits (HBM)<br \/>\nPagrindin\u0117 kamera (Mpix)12<br \/>\nPriekin\u0117 kamera (Mpix)7<br \/>\nAtminties kortel\u0117s palaikymasN\u0117ra<br \/>\nOperatyvi atmintis (RAM)4<br \/>\nVidin\u0117 atmintis64<br \/>\nSIM korteli\u0173 skai\u010dius1<br \/>\nAkumuliatoriaus talpa (mAh)Li-Ion 2658 mAh<br \/>\nGreito \u012fkrovimo funkcija15W wired, PD2.0, 50% in 30 min (advertised)<br \/>\nBelaid\u017eio \u012fkrovimo funkcijaWireless (Qi)<\/p>\n","protected":false},"excerpt":{"rendered":"<p>VISIEMS PARDUODAMIEMS NAUDOTIEMS TELEFONAMS SUTEIKIAMA 3 M\u0116N. GARANTIJA!<\/p>\n<p>Naudotas Apple iPhone XS 64GB Space Gray<\/p>\n<p>Baterija: Nauja 100%<\/p>\n<p>Garantija: 3 m\u0117nesi\u0173.<\/p>\n<p>Komplektas: Usb kabelis, Kroviklis, D\u0117\u017eut\u0117<\/p>\n","protected":false},"featured_media":3439,"template":"","meta":{"_acf_changed":false,"_crdt_document":""},"product_brand":[117],"product_cat":[53,50],"product_tag":[],"class_list":{"0":"post-3438","1":"product","2":"type-product","3":"status-publish","4":"has-post-thumbnail","6":"product_brand-apple","7":"product_cat-apple","8":"product_cat-telefonai","10":"first","11":"instock","12":"shipping-taxable","13":"purchasable","14":"product-type-simple"},"bundled_by":[],"bundle_stock_status":"instock","bundle_stock_quantity":null,"bundle_virtual":false,"bundle_layout":"","bundle_add_to_cart_form_location":"","bundle_editable_in_cart":false,"bundle_sold_individually_context":"","bundle_item_grouping":"","bundle_min_size":"","bundle_max_size":"","bundle_price":[],"bundled_items":[],"bundle_sell_ids":[],"acf":[],"gallery_images":[3440],"_links":{"self":[{"href":"https:\/\/ovanap.com\/pt\/wp-json\/wp\/v2\/product\/3438","targetHints":{"allow":["GET"]}}],"collection":[{"href":"https:\/\/ovanap.com\/pt\/wp-json\/wp\/v2\/product"}],"about":[{"href":"https:\/\/ovanap.com\/pt\/wp-json\/wp\/v2\/types\/product"}],"wp:featuredmedia":[{"embeddable":true,"href":"https:\/\/ovanap.com\/pt\/wp-json\/wp\/v2\/media\/3439"}],"wp:attachment":[{"href":"https:\/\/ovanap.com\/pt\/wp-json\/wp\/v2\/media?parent=3438"}],"wp:term":[{"taxonomy":"product_brand","embeddable":true,"href":"https:\/\/ovanap.com\/pt\/wp-json\/wp\/v2\/product_brand?post=3438"},{"taxonomy":"product_cat","embeddable":true,"href":"https:\/\/ovanap.com\/pt\/wp-json\/wp\/v2\/product_cat?post=3438"},{"taxonomy":"product_tag","embeddable":true,"href":"https:\/\/ovanap.com\/pt\/wp-json\/wp\/v2\/product_tag?post=3438"}],"curies":[{"name":"wp","href":"https:\/\/api.w.org\/{rel}","templated":true}]}}