





{"id":3361,"date":"2026-02-04T10:21:30","date_gmt":"2026-02-04T07:21:30","guid":{"rendered":"https:\/\/ovanap.com\/pt\/?post_type=product&#038;p=3361"},"modified":"2026-03-31T01:37:34","modified_gmt":"2026-03-30T22:37:34","slug":"naudotas-xiaomi-redmi-note-8t-grey-128gb","status":"publish","type":"product","link":"https:\/\/ovanap.com\/pt\/product\/telefonai\/xiaomi\/naudotas-xiaomi-redmi-note-8t-grey-128gb\/","title":{"rendered":"Naudotas Xiaomi Redmi Note 8T Grey 128GB"},"content":{"rendered":"<p>Dydis (mm)161.1 x 75.4 x 8.6 mm<\/p>\n<p>Korpuso med\u017eiagaStiklas, Aliuminis, plastikas<\/p>\n<p>Svoris (g)200<\/p>\n<p>Ekrano dydis (coliais)6,3<\/p>\n<p>Ekrano tipas (ekranas)IPS LCD<\/p>\n<p>Pagrindin\u0117 kamera (Mpix)48<\/p>\n<p>Priekin\u0117 kamera (Mpix)13<\/p>\n<p>Atminties kortel\u0117s palaikymasYra<\/p>\n<p>Operatyvi atmintis (RAM)4<\/p>\n<p>Vidin\u0117 atmintis128<\/p>\n<p>NFCYra<\/p>\n<p>SIM korteli\u0173 skai\u010dius2 Sim<\/p>\n<p>Akumuliatoriaus talpa (mAh)Li-Po 4000 mAh<\/p>\n<p>Greito \u012fkrovimo funkcija18W wired<\/p>\n<p>Belaid\u017eio \u012fkrovimo funkcijaN\u0117ra<\/p>\n","protected":false},"excerpt":{"rendered":"<p>VISIEMS PARDUODAMIEMS NAUDOTIEMS TELEFONAMS SUTEIKIAMA 3 M\u0116N. GARANTIJA!<\/p>\n<p>Naudotas Xiaomi Redmi Note 8T Grey 128GB<\/p>\n<p>Garantija: 3 m\u0117nesi\u0173.<\/p>\n<p>Komplektas: Kroviklis, D\u0117\u017eut\u0117<\/p>\n","protected":false},"featured_media":3416,"template":"","meta":{"_acf_changed":false,"_crdt_document":""},"product_brand":[167],"product_cat":[50,88],"product_tag":[],"class_list":{"0":"post-3361","1":"product","2":"type-product","3":"status-publish","4":"has-post-thumbnail","6":"product_brand-xiaomi","7":"product_cat-telefonai","8":"product_cat-xiaomi","10":"first","11":"instock","12":"shipping-taxable","13":"purchasable","14":"product-type-simple"},"bundled_by":[],"bundle_stock_status":"instock","bundle_stock_quantity":null,"bundle_virtual":false,"bundle_layout":"","bundle_add_to_cart_form_location":"","bundle_editable_in_cart":false,"bundle_sold_individually_context":"","bundle_item_grouping":"","bundle_min_size":"","bundle_max_size":"","bundle_price":[],"bundled_items":[],"bundle_sell_ids":[],"acf":[],"gallery_images":[3417],"_links":{"self":[{"href":"https:\/\/ovanap.com\/pt\/wp-json\/wp\/v2\/product\/3361","targetHints":{"allow":["GET"]}}],"collection":[{"href":"https:\/\/ovanap.com\/pt\/wp-json\/wp\/v2\/product"}],"about":[{"href":"https:\/\/ovanap.com\/pt\/wp-json\/wp\/v2\/types\/product"}],"wp:featuredmedia":[{"embeddable":true,"href":"https:\/\/ovanap.com\/pt\/wp-json\/wp\/v2\/media\/3416"}],"wp:attachment":[{"href":"https:\/\/ovanap.com\/pt\/wp-json\/wp\/v2\/media?parent=3361"}],"wp:term":[{"taxonomy":"product_brand","embeddable":true,"href":"https:\/\/ovanap.com\/pt\/wp-json\/wp\/v2\/product_brand?post=3361"},{"taxonomy":"product_cat","embeddable":true,"href":"https:\/\/ovanap.com\/pt\/wp-json\/wp\/v2\/product_cat?post=3361"},{"taxonomy":"product_tag","embeddable":true,"href":"https:\/\/ovanap.com\/pt\/wp-json\/wp\/v2\/product_tag?post=3361"}],"curies":[{"name":"wp","href":"https:\/\/api.w.org\/{rel}","templated":true}]}}