





{"id":3352,"date":"2026-02-04T09:49:22","date_gmt":"2026-02-04T06:49:22","guid":{"rendered":"https:\/\/ovanap.com\/pt\/?post_type=product&#038;p=3352"},"modified":"2026-03-31T01:36:37","modified_gmt":"2026-03-30T22:36:37","slug":"naudotas-samsung-galaxy-xcover-4-16gb-black","status":"publish","type":"product","link":"https:\/\/ovanap.com\/pt\/product\/telefonai\/samsung\/naudotas-samsung-galaxy-xcover-4-16gb-black\/","title":{"rendered":"Naudotas Samsung Galaxy Xcover 4 16GB Black"},"content":{"rendered":"<p>Dydis (mm)146.2 x 73.3 x 9.7 mm<\/p>\n<p>Korpuso med\u017eiagaStiklas, Aliuminis, plastikas<\/p>\n<p>Svoris (g)172<\/p>\n<p>Ekrano dydis (coliais)5<\/p>\n<p>Ekrano tipas (ekranas)IPS LCD<\/p>\n<p>Pagrindin\u0117 kamera (Mpix)13<\/p>\n<p>Priekin\u0117 kamera (Mpix)5<\/p>\n<p>Atminties kortel\u0117s palaikymasYra<\/p>\n<p>Operatyvi atmintis (RAM)2<\/p>\n<p>Vidin\u0117 atmintis16<\/p>\n<p>NFCYra<\/p>\n<p>SIM korteli\u0173 skai\u010dius1 sim<\/p>\n<p>Akumuliatoriaus talpa (mAh)Li-Ion 2800 mAh<\/p>\n<p>Greito \u012fkrovimo funkcijaN\u0117ra<\/p>\n<p>Belaid\u017eio \u012fkrovimo funkcijaN\u0117ra<\/p>\n","protected":false},"excerpt":{"rendered":"<p>VISIEMS PARDUODAMIEMS NAUDOTIEMS TELEFONAMS SUTEIKIAMA 3 M\u0116N. GARANTIJA!<\/p>\n<p>Naudotas Samsung Galaxy Xcover 4 16GB Black<\/p>\n<p>Garantija: 3 m\u0117nesi\u0173.<\/p>\n<p>Komplektas: Kroviklis<\/p>\n","protected":false},"featured_media":3412,"template":"","meta":{"_acf_changed":false,"_crdt_document":""},"product_brand":[166],"product_cat":[54,50],"product_tag":[],"class_list":{"0":"post-3352","1":"product","2":"type-product","3":"status-publish","4":"has-post-thumbnail","6":"product_brand-samsung","7":"product_cat-samsung","8":"product_cat-telefonai","10":"first","11":"instock","12":"shipping-taxable","13":"purchasable","14":"product-type-simple"},"bundled_by":[],"bundle_stock_status":"instock","bundle_stock_quantity":null,"bundle_virtual":false,"bundle_layout":"","bundle_add_to_cart_form_location":"","bundle_editable_in_cart":false,"bundle_sold_individually_context":"","bundle_item_grouping":"","bundle_min_size":"","bundle_max_size":"","bundle_price":[],"bundled_items":[],"bundle_sell_ids":[],"acf":[],"gallery_images":[3413],"_links":{"self":[{"href":"https:\/\/ovanap.com\/pt\/wp-json\/wp\/v2\/product\/3352","targetHints":{"allow":["GET"]}}],"collection":[{"href":"https:\/\/ovanap.com\/pt\/wp-json\/wp\/v2\/product"}],"about":[{"href":"https:\/\/ovanap.com\/pt\/wp-json\/wp\/v2\/types\/product"}],"wp:featuredmedia":[{"embeddable":true,"href":"https:\/\/ovanap.com\/pt\/wp-json\/wp\/v2\/media\/3412"}],"wp:attachment":[{"href":"https:\/\/ovanap.com\/pt\/wp-json\/wp\/v2\/media?parent=3352"}],"wp:term":[{"taxonomy":"product_brand","embeddable":true,"href":"https:\/\/ovanap.com\/pt\/wp-json\/wp\/v2\/product_brand?post=3352"},{"taxonomy":"product_cat","embeddable":true,"href":"https:\/\/ovanap.com\/pt\/wp-json\/wp\/v2\/product_cat?post=3352"},{"taxonomy":"product_tag","embeddable":true,"href":"https:\/\/ovanap.com\/pt\/wp-json\/wp\/v2\/product_tag?post=3352"}],"curies":[{"name":"wp","href":"https:\/\/api.w.org\/{rel}","templated":true}]}}