





{"id":3332,"date":"2026-02-04T08:30:50","date_gmt":"2026-02-04T05:30:50","guid":{"rendered":"https:\/\/ovanap.com\/pt\/?post_type=product&#038;p=3332"},"modified":"2026-03-31T01:33:41","modified_gmt":"2026-03-30T22:33:41","slug":"naudotas-apple-iphone-6s-silver-16gb","status":"publish","type":"product","link":"https:\/\/ovanap.com\/pt\/product\/telefonai\/apple\/naudotas-apple-iphone-6s-silver-16gb\/","title":{"rendered":"Naudotas Apple iPhone 6S Silver 16GB"},"content":{"rendered":"<p>Dydis (mm)<br \/>\n138.3 x 67.1 x 7.1 mm<\/p>\n<p>Korpuso med\u017eiaga<br \/>\nStiklas, Aliuminis, plastikas<\/p>\n<p>Svoris (g) 143<\/p>\n<p>Ekrano dydis (coliais) 4,7<\/p>\n<p>Ekrano tipas (ekranas) IPS LCD<\/p>\n<p>Pagrindin\u0117 kamera (Mpix) 12<\/p>\n<p>Priekin\u0117 kamera (Mpix)5<\/p>\n<p>Atminties kortel\u0117s palaikymas N\u0117ra<\/p>\n<p>Operatyvi atmintis (RAM)2<\/p>\n<p>Vidin\u0117 atmintis 16<\/p>\n<p>NFC Yra<\/p>\n<p>SIM korteli\u0173 skai\u010dius1 sim<\/p>\n<p>Akumuliatoriaus talpa (mAh)Li-Ion 1715 mAh<\/p>\n<p>Greito \u012fkrovimo funkcija N\u0117ra<\/p>\n<p>Belaid\u017eio \u012fkrovimo funkcija N\u0117ra<\/p>\n","protected":false},"excerpt":{"rendered":"<p>VISIEMS PARDUODAMIEMS NAUDOTIEMS TELEFONAMS SUTEIKIAMA 3 M\u0116N. GARANTIJA!<\/p>\n<p>Naudotas Apple iPhone 6S Silver 16GB<\/p>\n<p>Baterija: 100%<\/p>\n<p>Garantija: 3 m\u0117nesi\u0173.<\/p>\n<p>Komplektas: Kroviklis, D\u0117\u017eut\u0117<\/p>\n","protected":false},"featured_media":3402,"template":"","meta":{"_acf_changed":false,"_crdt_document":""},"product_brand":[117],"product_cat":[53,50],"product_tag":[],"class_list":{"0":"post-3332","1":"product","2":"type-product","3":"status-publish","4":"has-post-thumbnail","6":"product_brand-apple","7":"product_cat-apple","8":"product_cat-telefonai","10":"first","11":"instock","12":"shipping-taxable","13":"purchasable","14":"product-type-simple"},"bundled_by":[],"bundle_stock_status":"instock","bundle_stock_quantity":null,"bundle_virtual":false,"bundle_layout":"","bundle_add_to_cart_form_location":"","bundle_editable_in_cart":false,"bundle_sold_individually_context":"","bundle_item_grouping":"","bundle_min_size":"","bundle_max_size":"","bundle_price":[],"bundled_items":[],"bundle_sell_ids":[],"acf":[],"gallery_images":[3403],"_links":{"self":[{"href":"https:\/\/ovanap.com\/pt\/wp-json\/wp\/v2\/product\/3332","targetHints":{"allow":["GET"]}}],"collection":[{"href":"https:\/\/ovanap.com\/pt\/wp-json\/wp\/v2\/product"}],"about":[{"href":"https:\/\/ovanap.com\/pt\/wp-json\/wp\/v2\/types\/product"}],"wp:featuredmedia":[{"embeddable":true,"href":"https:\/\/ovanap.com\/pt\/wp-json\/wp\/v2\/media\/3402"}],"wp:attachment":[{"href":"https:\/\/ovanap.com\/pt\/wp-json\/wp\/v2\/media?parent=3332"}],"wp:term":[{"taxonomy":"product_brand","embeddable":true,"href":"https:\/\/ovanap.com\/pt\/wp-json\/wp\/v2\/product_brand?post=3332"},{"taxonomy":"product_cat","embeddable":true,"href":"https:\/\/ovanap.com\/pt\/wp-json\/wp\/v2\/product_cat?post=3332"},{"taxonomy":"product_tag","embeddable":true,"href":"https:\/\/ovanap.com\/pt\/wp-json\/wp\/v2\/product_tag?post=3332"}],"curies":[{"name":"wp","href":"https:\/\/api.w.org\/{rel}","templated":true}]}}