





{"id":3324,"date":"2026-02-04T08:10:34","date_gmt":"2026-02-04T05:10:34","guid":{"rendered":"https:\/\/ovanap.com\/pt\/?post_type=product&#038;p=3324"},"modified":"2026-03-31T01:36:39","modified_gmt":"2026-03-30T22:36:39","slug":"naudotas-samsung-galaxy-a52s-5g-128gb-awesome-violet","status":"publish","type":"product","link":"https:\/\/ovanap.com\/pt\/product\/telefonai\/samsung\/naudotas-samsung-galaxy-a52s-5g-128gb-awesome-violet\/","title":{"rendered":"Naudotas Samsung Galaxy A52S 5G 128GB Awesome Violet"},"content":{"rendered":"<p>Dydis (mm)159.9 x 75.1 x 8.4 mm<br \/>\nKorpuso med\u017eiagaStiklas, Aliuminis, plastikas<br \/>\nSvoris (g)189<br \/>\nEkrano dydis (coliais)6,5<br \/>\nEkrano tipas (ekranas)Super AMOLED, 120Hz, 800 nits (HBM)<br \/>\nPagrindin\u0117 kamera (Mpix)64<br \/>\nPriekin\u0117 kamera (Mpix)32<br \/>\nAtminties kortel\u0117s palaikymasYra<br \/>\nOperatyvi atmintis (RAM)6<br \/>\nVidin\u0117 atmintis128<br \/>\nNFCYra<br \/>\nSIM korteli\u0173 skai\u010dius2 Sim<br \/>\nAkumuliatoriaus talpa (mAh)Li-Ion 4500 mAh<br \/>\nGreito \u012fkrovimo funkcija25W wired<br \/>\nBelaid\u017eio \u012fkrovimo funkcijaN\u0117ra<\/p>\n","protected":false},"excerpt":{"rendered":"<p>VISIEMS PARDUODAMIEMS NAUDOTIEMS TELEFONAMS SUTEIKIAMA 3 M\u0116N. GARANTIJA!<\/p>\n<p>Naudotas Samsung Galaxy A52S 5G 128GB Awesome Violet <\/p>\n<p>Garantija: 3 m\u0117nesi\u0173.<\/p>\n<p>Komplektas: D\u0117\u017eut\u0117, Kroviklis<\/p>\n","protected":false},"featured_media":3398,"template":"","meta":{"_acf_changed":false,"_crdt_document":""},"product_brand":[166],"product_cat":[54,50],"product_tag":[],"class_list":{"0":"post-3324","1":"product","2":"type-product","3":"status-publish","4":"has-post-thumbnail","6":"product_brand-samsung","7":"product_cat-samsung","8":"product_cat-telefonai","10":"first","11":"instock","12":"shipping-taxable","13":"purchasable","14":"product-type-simple"},"bundled_by":[],"bundle_stock_status":"instock","bundle_stock_quantity":null,"bundle_virtual":false,"bundle_layout":"","bundle_add_to_cart_form_location":"","bundle_editable_in_cart":false,"bundle_sold_individually_context":"","bundle_item_grouping":"","bundle_min_size":"","bundle_max_size":"","bundle_price":[],"bundled_items":[],"bundle_sell_ids":[],"acf":[],"gallery_images":[3399],"_links":{"self":[{"href":"https:\/\/ovanap.com\/pt\/wp-json\/wp\/v2\/product\/3324","targetHints":{"allow":["GET"]}}],"collection":[{"href":"https:\/\/ovanap.com\/pt\/wp-json\/wp\/v2\/product"}],"about":[{"href":"https:\/\/ovanap.com\/pt\/wp-json\/wp\/v2\/types\/product"}],"wp:featuredmedia":[{"embeddable":true,"href":"https:\/\/ovanap.com\/pt\/wp-json\/wp\/v2\/media\/3398"}],"wp:attachment":[{"href":"https:\/\/ovanap.com\/pt\/wp-json\/wp\/v2\/media?parent=3324"}],"wp:term":[{"taxonomy":"product_brand","embeddable":true,"href":"https:\/\/ovanap.com\/pt\/wp-json\/wp\/v2\/product_brand?post=3324"},{"taxonomy":"product_cat","embeddable":true,"href":"https:\/\/ovanap.com\/pt\/wp-json\/wp\/v2\/product_cat?post=3324"},{"taxonomy":"product_tag","embeddable":true,"href":"https:\/\/ovanap.com\/pt\/wp-json\/wp\/v2\/product_tag?post=3324"}],"curies":[{"name":"wp","href":"https:\/\/api.w.org\/{rel}","templated":true}]}}