





{"id":3320,"date":"2026-02-04T06:18:11","date_gmt":"2026-02-04T03:18:11","guid":{"rendered":"https:\/\/ovanap.com\/pt\/?post_type=product&#038;p=3320"},"modified":"2026-03-31T01:37:34","modified_gmt":"2026-03-30T22:37:34","slug":"naudotas-redmi-10c-128gb-mint-green","status":"publish","type":"product","link":"https:\/\/ovanap.com\/pt\/product\/telefonai\/xiaomi\/naudotas-redmi-10c-128gb-mint-green\/","title":{"rendered":"Naudotas Redmi 10C 128GB Mint Green"},"content":{"rendered":"<p>Dydis (mm)169.6 x 76.6 x 8.3 mm<br \/>\nKorpuso med\u017eiagaStiklas, Aliuminis, plastikas<br \/>\nSvoris (g)190<br \/>\nEkrano dydis (coliais)6,71<br \/>\nEkrano tipas (ekranas)IPS LCD<br \/>\nPagrindin\u0117 kamera (Mpix)50<br \/>\nPriekin\u0117 kamera (Mpix)5<br \/>\nAtminties kortel\u0117s palaikymasYra<br \/>\nOperatyvi atmintis (RAM)4<br \/>\nVidin\u0117 atmintis128<br \/>\nNFCYra<br \/>\nSIM korteli\u0173 skai\u010dius2 Sim<br \/>\nAkumuliatoriaus talpa (mAh)Li-Po 5000 mAh<br \/>\nGreito \u012fkrovimo funkcija18W wired<br \/>\nBelaid\u017eio \u012fkrovimo funkcijaN\u0117ra<\/p>\n","protected":false},"excerpt":{"rendered":"<p>Naudotas Redmi 10C 128GB Mint Green su 3 m\u0117nesi\u0173 garantija. Komplekte: d\u0117\u017eut\u0117 ir kroviklis.<\/p>\n","protected":false},"featured_media":3396,"template":"","meta":{"_acf_changed":false,"_crdt_document":""},"product_brand":[167],"product_cat":[50,88],"product_tag":[],"class_list":{"0":"post-3320","1":"product","2":"type-product","3":"status-publish","4":"has-post-thumbnail","6":"product_brand-xiaomi","7":"product_cat-telefonai","8":"product_cat-xiaomi","10":"first","11":"instock","12":"shipping-taxable","13":"purchasable","14":"product-type-simple"},"bundled_by":[],"bundle_stock_status":"instock","bundle_stock_quantity":null,"bundle_virtual":false,"bundle_layout":"","bundle_add_to_cart_form_location":"","bundle_editable_in_cart":false,"bundle_sold_individually_context":"","bundle_item_grouping":"","bundle_min_size":"","bundle_max_size":"","bundle_price":[],"bundled_items":[],"bundle_sell_ids":[],"acf":[],"gallery_images":[3397],"_links":{"self":[{"href":"https:\/\/ovanap.com\/pt\/wp-json\/wp\/v2\/product\/3320","targetHints":{"allow":["GET"]}}],"collection":[{"href":"https:\/\/ovanap.com\/pt\/wp-json\/wp\/v2\/product"}],"about":[{"href":"https:\/\/ovanap.com\/pt\/wp-json\/wp\/v2\/types\/product"}],"wp:featuredmedia":[{"embeddable":true,"href":"https:\/\/ovanap.com\/pt\/wp-json\/wp\/v2\/media\/3396"}],"wp:attachment":[{"href":"https:\/\/ovanap.com\/pt\/wp-json\/wp\/v2\/media?parent=3320"}],"wp:term":[{"taxonomy":"product_brand","embeddable":true,"href":"https:\/\/ovanap.com\/pt\/wp-json\/wp\/v2\/product_brand?post=3320"},{"taxonomy":"product_cat","embeddable":true,"href":"https:\/\/ovanap.com\/pt\/wp-json\/wp\/v2\/product_cat?post=3320"},{"taxonomy":"product_tag","embeddable":true,"href":"https:\/\/ovanap.com\/pt\/wp-json\/wp\/v2\/product_tag?post=3320"}],"curies":[{"name":"wp","href":"https:\/\/api.w.org\/{rel}","templated":true}]}}