





{"id":55,"date":"2024-07-23T16:12:20","date_gmt":"2024-07-23T13:12:20","guid":{"rendered":"https:\/\/ovanap.com\/pt\/?page_id=55"},"modified":"2025-06-26T16:52:12","modified_gmt":"2025-06-26T13:52:12","slug":"vertinimas","status":"publish","type":"page","link":"https:\/\/ovanap.com\/pt\/vertinimas\/","title":{"rendered":"Vertinimas"},"content":{"rendered":"\n<p class=\"wp-block-paragraph\">M\u016bs\u0173 perkami ir parduodami gaminiai klasifikuojami pagal kosmetin\u0119 b\u016bkl\u0119, funkcionalum\u0105 ir priedus. Visi telefonai, plan\u0161etiniai kompiuteriai ir aparatin\u0117 \u012franga klasifikuojami kaip vienas i\u0161 \u0161i\u0173 \u012fvertinim\u0173:<\/p>\n\n\n\n<p class=\"wp-block-paragraph\"><p>A \u2013 Puikus \u2013 \u0161ie gaminiai turi b\u016bti puik\u016bs\/nauji. Produktas turi b\u016bti nepriekai\u0161tingas; jei ne, tai, deja, nelaikomas A pa\u017eymiu. Visi priedai rei\u0161kia visk\u0105, kas i\u0161 prad\u017ei\u0173 buvo d\u0117\u017eut\u0117je. Jie turi b\u016bti oficial\u016bs ir tokios pat b\u016bkl\u0117s kaip ir produktas. \u0160iems daiktams taip pat reikia originalios d\u0117\u017eut\u0117s ir \u012fd\u0117kl\u0173.<\/p><br><p>B \u2013 Geras \u2013 geros b\u016bkl\u0117s gaminys su visais b\u016btiniausiais priedais. Nereikia d\u0117\u017eut\u0117s.<\/p><br><p>C \u2013 Veikiantis \u2013 prastos b\u016bkl\u0117s gaminys, pilnai veikiantis su visais b\u016btiniausiais priedais. Nereikia d\u0117\u017eut\u0117s.<\/p><br><p>D \u2013 Neveikiantis \u2013 (taikoma tik tam tikriems telefonams). Produktas turi b\u016bti nepa\u017eeistas, nesuspaustas, sulenktas ar nulau\u017etas. Turi i\u0161laikyti m\u016bs\u0173 IMEI patikrinim\u0105. Nereikia joki\u0173 pried\u0173. Vis\u0173 \u201eApple\u201c produkt\u0173 \u201eiCloud\u201c paskyra turi b\u016bti i\u0161aktyvinta, o \u201eAndroid 5.1\u201c ir naujesn\u0117s versijos \u012frenginiuose turi b\u016bti pa\u0161alintos \u201eGoogle\u201c paskyros.<\/p><br><p>F \u2013 Neveikiantys pavyzd\u017eiai: neveikiantys, \u012ftr\u016bk\u0119 (ekranas, korpusas, r\u0117melis ir t. t.), vandens pa\u017eeidimai, suged\u0119s\/kraujuojantis LCD (ekranas), ne\u012fsijungia, garsiakalbio\/mikrofono gedimai, sugedusi antena ir kt.<\/p><\/p>\n\n\n\n<p class=\"wp-block-paragraph\">(Mes nepriimame neveikian\u010di\u0173 iPad, plan\u0161etini\u0173 kompiuteri\u0173, ne\u0161iojam\u0173j\u0173 kompiuteri\u0173 ar kit\u0173 technin\u0117s \u012frangos element\u0173.) Atminkite, kad visuose \u201eApple\u201c \u012frenginiuose \u201eiCloud\u201c paskyra turi b\u016bti i\u0161jungta. Visuose \u201eAndroid\u201c \u012frenginiuose, kuriuose veikia 5.1 ar naujesn\u0117s versijos \u201eAndroid\u201c, turi b\u016bti pa\u0161alintos \u201eGoogle\u201c paskyros d\u0117l gamyklini\u0173 nustatym\u0173 apsaugos (FRP).<\/p>\n\n\n\n<h2 class=\"wp-block-heading\">Atnaujint\u0173 telefon\u0173 s\u0105lygos<\/h2>\n\n\n\n<ul class=\"wp-block-list\">\n<li>Parduodamas tik telefonas, be papildom\u0173 aksesuar\u0173 \u2013 \u012fkroviklio, ausini\u0173 ir pan. Jie gali b\u016bti \u012fsigyjami atskirai.<\/li>\n\n\n\n<li>Telefonas buvo naudotas ir yra atnaujintas \u2013 patikrintas ir paruo\u0161tas naudoti.<\/li>\n\n\n\n<li>Parduodamas telefonas supakuotas \u012f speciali\u0105 \u201eMobili \u0161alis, UAB\u201c, o ne originali\u0105 gamintojo pakuot\u0119.<\/li>\n\n\n\n<li>Telefonui suteikiama 3 m\u0117n. garantija.<\/li>\n\n\n\n<li>Telefonas gali b\u016bti remontuojamas tik \u201eMobili \u0161alis, UAB\u201c nurodytame serviso centre. Jei \u012frenginys taisomas kitame serviso centre, jam nustoja galioti \u201eMobili \u0161alis, UAB\u201d suteikta garantija.<\/li>\n\n\n\n<li>Telefon\u0105 u\u017eregistruoti \u012f garantin\u012f remont\u0105 galima internetu https:\/\/www.mobili\u0161alis.lt<\/li>\n\n\n\n<li>Maksimalus garantinio remonto laikotarpis serviso centre \u2013 14 d.<\/li>\n\n\n\n<li>Garantinio remonto metu pakeistoms dalims taikoma 3 m\u0117n. dali\u0173 ir remonto darb\u0173 garantija, jei bendra \u012frenginio 3 m\u0117n. garantija jau pasibaigusi.<\/li>\n\n\n\n<li>Garantinio aptarnavimo metu \u201eMobili \u0161alis, UAB\u201c pasilieka teis\u0119 \u012frengin\u012f pakeisti toki\u0173 pa\u010di\u0173 parametr\u0173 naudotu ir patikrintu modeliu.<\/li>\n\n\n\n<li>Garantijos laikotarpis yra prat\u0119siamas, jei \u012frenginys yra remontuojamas. Garantijos laikotarpis prasit\u0119sia tiek dien\u0173, kiek \u012frenginys buvo serviso centre.<\/li>\n\n\n\n<li>Parduodamo telefono baterijos talpa ne ma\u017eesn\u0117 nei 80 %. Eksploatuojant telefon\u0105 galimas baterijos talpos suma\u017e\u0117jimas ir tai negali b\u016bti laikoma telefono gedimu. Suma\u017e\u0117jusi baterijos talpa d\u0117l neoriginali\u0173 pried\u0173 (pvz., naudojant neoriginal\u0173 \u012fkrovikl\u012f) taip pat negali b\u016bti laikoma gedimu.<\/li>\n\n\n\n<li>Jei telefonas po \u012fsigijimo bus pa\u017eeistas mechani\u0161kai, sulietas ar kitaip sugadintas, jam negalios garantinis aptarnavimas<\/li>\n<\/ul>\n","protected":false},"excerpt":{"rendered":"<p>M\u016bs\u0173 perkami ir parduodami gaminiai klasifikuojami pagal kosmetin\u0119 b\u016bkl\u0119, funkcionalum\u0105 ir priedus. Visi telefonai, plan\u0161etiniai kompiuteriai ir aparatin\u0117 \u012franga klasifikuojami kaip vienas i\u0161 \u0161i\u0173 \u012fvertinim\u0173: A \u2013 Puikus \u2013 \u0161ie gaminiai turi b\u016bti puik\u016bs\/nauji. Produktas turi b\u016bti nepriekai\u0161tingas; jei ne, tai, deja, nelaikomas A pa\u017eymiu. Visi priedai rei\u0161kia visk\u0105, kas i\u0161 prad\u017ei\u0173 buvo d\u0117\u017eut\u0117je. Jie [&hellip;]<\/p>\n","protected":false},"author":1,"featured_media":0,"parent":0,"menu_order":0,"comment_status":"closed","ping_status":"closed","template":"","meta":{"_acf_changed":false,"_crdt_document":"","footnotes":""},"class_list":["post-55","page","type-page","status-publish","hentry"],"acf":[],"_links":{"self":[{"href":"https:\/\/ovanap.com\/pt\/wp-json\/wp\/v2\/pages\/55","targetHints":{"allow":["GET"]}}],"collection":[{"href":"https:\/\/ovanap.com\/pt\/wp-json\/wp\/v2\/pages"}],"about":[{"href":"https:\/\/ovanap.com\/pt\/wp-json\/wp\/v2\/types\/page"}],"author":[{"embeddable":true,"href":"https:\/\/ovanap.com\/pt\/wp-json\/wp\/v2\/users\/1"}],"replies":[{"embeddable":true,"href":"https:\/\/ovanap.com\/pt\/wp-json\/wp\/v2\/comments?post=55"}],"version-history":[{"count":4,"href":"https:\/\/ovanap.com\/pt\/wp-json\/wp\/v2\/pages\/55\/revisions"}],"predecessor-version":[{"id":2460,"href":"https:\/\/ovanap.com\/pt\/wp-json\/wp\/v2\/pages\/55\/revisions\/2460"}],"wp:attachment":[{"href":"https:\/\/ovanap.com\/pt\/wp-json\/wp\/v2\/media?parent=55"}],"curies":[{"name":"wp","href":"https:\/\/api.w.org\/{rel}","templated":true}]}}