





{"id":53,"date":"2024-07-23T16:12:06","date_gmt":"2024-07-23T13:12:06","guid":{"rendered":"https:\/\/ovanap.com\/pt\/?page_id=53"},"modified":"2024-07-24T15:56:45","modified_gmt":"2024-07-24T12:56:45","slug":"pristatymas-ir-grazinimas","status":"publish","type":"page","link":"https:\/\/ovanap.com\/pt\/pristatymas-ir-grazinimas\/","title":{"rendered":"Pristatymas ir gr\u0105\u017einimas"},"content":{"rendered":"\n<p class=\"wp-block-paragraph\">Apmok\u0117ti u\u017esakym\u0105 galite internetu arba mok\u0117jimo kortele. Atsiskaityti grynaisiais pinigais ar banko kortele galite ir tiesiai kurjeriui, kai jis Jums pristatys siunt\u0105.<br><br>Rekomenduojama suma atsiskaitymui banko kortele siuntos pristatymo metu \u2013 iki 3 t\u016bkst. eur\u0173<\/p>\n\n\n\n<ul class=\"wp-block-list\">\n<li>Preki\u0173 pristatymas yra nemokamas visoje Lietuvoje.<\/li>\n\n\n\n<li>Prek\u0117 \u012f J\u016bs\u0173 namus bus pristatyta per 1-3 darbo dienas nuo u\u017esakymo.<\/li>\n\n\n\n<li>\u0160ventiniu laikotarpiu preki\u0173 pristatymo terminas gali b\u016bti ilgesnis.<\/li>\n\n\n\n<li>\u012eprastas pristatymo terminas negalioja i\u0161ankstin\u0117s prekybos metu \u012fsigytoms prek\u0117ms. Pristatymo terminai gali b\u016bti prat\u0119sti esant dideliam u\u017esakym\u0173 skai\u010diui.<\/li>\n\n\n\n<li>Prek\u0119 gali priimti tik j\u0105 u\u017esak\u0119s asmuo.<\/li>\n\n\n\n<li>Atvykus kurjeriui, atid\u017eiai ap\u017ei\u016br\u0117kite siunt\u0105. Klientas, pri\u0117m\u0119s prek\u0119 su pa\u017eeista pakuote, prisiima rizik\u0105 d\u0117l galimo prek\u0117s apgadinimo.<\/li>\n\n\n\n<li>Atid\u017eiai patikrinkite ir pa\u010di\u0105 prek\u0119, ar ji n\u0117ra apgadinta, neturi defekt\u0173, kit\u0173 matom\u0173 poky\u010di\u0173. Pasteb\u0117j\u0119 neatitikimus (ne v\u0117liau kaip per 1 darbo dien\u0105 po pirkimo-pardavimo sutarties pasira\u0161ymo) turite kreiptis: Privatiems klientams tel.: 1817 \/ Verslo klientams tel.: 1816. Skambutis i\u0161 \u201eTelia\u201c tinklo \u0161iuo numeriu \u2013 nemokamas. Jei J\u016bs\u0173 skambu\u010dio nesulauksime, suprasime, kad prek\u0119 pri\u0117m\u0117te ir pripa\u017einote j\u0105 tinkama.<\/li>\n\n\n\n<li>Svarbu: u\u017ene\u0161imo paslaugos kurjeriai neteikia, tad dideli\u0173 gabarit\u0173 prek\u0117s (pvz., televizoriaus) u\u017ene\u0161imu pasir\u016bpinti turi patys pirk\u0117jai. Kurjeris tokias prekes pristato standarti\u0161kai \u2013 iki namo ar laiptin\u0117s dur\u0173.<\/li>\n<\/ul>\n\n\n\n<h2 class=\"wp-block-heading\">Preki\u0173 gr\u0105\u017einimas<\/h2>\n\n\n\n<p class=\"wp-block-paragraph\">J\u016bs turite teis\u0119 atsisakyti prek\u0117s, \u012fsigytos elektronin\u0117je parduotuv\u0117je ar pokalbio telefonu su konsultantu metu, ir j\u0105 gr\u0105\u017einti per 14 dien\u0173 nuo \u012fsigijimo, nenurodydami jokios prie\u017easties.<br><br><strong>Norite gr\u0105\u017einti prek\u0119?<\/strong><br><br>Prekes gr\u0105\u017einti galite u\u017epild\u017eius Prek\u0117s salonuose n\u0117ra priimamos. Prekes gal\u0117site gr\u0105\u017einti pasirinkdami pa\u0161to terminal\u0105 arba kurjerio paslaug\u0105. Gr\u0105\u017einimo paslauga nemokama.<br><br><strong>Kaip paruo\u0161ti prek\u0119 gr\u0105\u017einimui?<\/strong><br><br>Atkreipkite d\u0117mes\u012f, kad atgal priimamos tik neaktyvuotos, nenaudotos, nepa\u017eeistos, pilnos komplektacijos ir originalioje nepa\u017eeistoje pakuot\u0117je esan\u010dios prek\u0117s. Naudingus patarimus siunt\u0173 pakavimui galite\u00a0rasti \u010dia.<br>Siun\u010diant prek\u0119 kurjeriu, pra\u0161ome \u012fd\u0117ti j\u0105 \u012f papildom\u0105 pakuot\u0119, kad neb\u016bt\u0173 pa\u017eeista originali pakuot\u0117. Prie siuntos b\u016btina prid\u0117ti visus gautus dokumentus (s\u0105skait\u0105 ir sutart\u012f), taip pat gr\u0105\u017einti ir SIM kortel\u0119 (jeigu ji buvo siun\u010diama kartu).<br><br>Siekiant i\u0161vengti nesusipratim\u0173, patariame nufilmuoti, kaip prek\u0119 supakavote prie\u0161 gr\u0105\u017eindami \u2013 \u012fra\u0161as pad\u0117s geriau suprasti, kada, kaip ir koki\u0105 prek\u0119 atidav\u0117te kurjeriui, jei tokie klausimai i\u0161kilt\u0173. Nesant \u012fra\u0161o arba nesant galimyb\u0117ms \u012fsitikinti, ar gr\u0105\u017einama prek\u0117 atitinka auk\u0161\u010diau min\u0117tus kriterijus, \u201eTelia\u201c tur\u0117s teis\u0119 nepriimti gr\u0105\u017einamos \u012frangos.<\/p>\n","protected":false},"excerpt":{"rendered":"<p>Apmok\u0117ti u\u017esakym\u0105 galite internetu arba mok\u0117jimo kortele. Atsiskaityti grynaisiais pinigais ar banko kortele galite ir tiesiai kurjeriui, kai jis Jums pristatys siunt\u0105. Rekomenduojama suma atsiskaitymui banko kortele siuntos pristatymo metu \u2013 iki 3 t\u016bkst. eur\u0173 Preki\u0173 gr\u0105\u017einimas J\u016bs turite teis\u0119 atsisakyti prek\u0117s, \u012fsigytos elektronin\u0117je parduotuv\u0117je ar pokalbio telefonu su konsultantu metu, ir j\u0105 gr\u0105\u017einti per [&hellip;]<\/p>\n","protected":false},"author":1,"featured_media":0,"parent":0,"menu_order":0,"comment_status":"closed","ping_status":"closed","template":"","meta":{"_acf_changed":false,"_crdt_document":"","footnotes":""},"class_list":["post-53","page","type-page","status-publish","hentry"],"acf":[],"_links":{"self":[{"href":"https:\/\/ovanap.com\/pt\/wp-json\/wp\/v2\/pages\/53","targetHints":{"allow":["GET"]}}],"collection":[{"href":"https:\/\/ovanap.com\/pt\/wp-json\/wp\/v2\/pages"}],"about":[{"href":"https:\/\/ovanap.com\/pt\/wp-json\/wp\/v2\/types\/page"}],"author":[{"embeddable":true,"href":"https:\/\/ovanap.com\/pt\/wp-json\/wp\/v2\/users\/1"}],"replies":[{"embeddable":true,"href":"https:\/\/ovanap.com\/pt\/wp-json\/wp\/v2\/comments?post=53"}],"version-history":[{"count":2,"href":"https:\/\/ovanap.com\/pt\/wp-json\/wp\/v2\/pages\/53\/revisions"}],"predecessor-version":[{"id":253,"href":"https:\/\/ovanap.com\/pt\/wp-json\/wp\/v2\/pages\/53\/revisions\/253"}],"wp:attachment":[{"href":"https:\/\/ovanap.com\/pt\/wp-json\/wp\/v2\/media?parent=53"}],"curies":[{"name":"wp","href":"https:\/\/api.w.org\/{rel}","templated":true}]}}