{"id":1111183,"date":"2021-03-12T11:24:20","date_gmt":"2021-03-12T10:24:20","guid":{"rendered":"https:\/\/ovanap.com\/nssi\/about\/"},"modified":"2024-09-03T17:29:45","modified_gmt":"2024-09-03T15:29:45","slug":"about","status":"publish","type":"page","link":"https:\/\/ovanap.com\/nssi\/about\/","title":{"rendered":"Om Oss"},"content":{"rendered":"\t\t<div data-elementor-type=\"wp-page\" data-elementor-id=\"1111183\" class=\"elementor elementor-1111183\">\n\t\t\t\t\t\t<section class=\"elementor-section elementor-top-section elementor-element elementor-element-6addac4 elementor-section-boxed elementor-section-height-default elementor-section-height-default\" data-id=\"6addac4\" data-element_type=\"section\">\n\t\t\t\t\t\t<div class=\"elementor-container elementor-column-gap-no\">\n\t\t\t\t\t<div class=\"aux-parallax-section elementor-column elementor-col-50 elementor-top-column elementor-element elementor-element-7ff4d86 aux-aboutus\" data-id=\"7ff4d86\" data-element_type=\"column\">\n\t\t\t<div class=\"elementor-widget-wrap elementor-element-populated\">\n\t\t\t\t\t\t<section class=\"elementor-section elementor-inner-section elementor-element elementor-element-04bf6e8 elementor-section-boxed elementor-section-height-default elementor-section-height-default\" data-id=\"04bf6e8\" data-element_type=\"section\">\n\t\t\t\t\t\t<div class=\"elementor-container elementor-column-gap-no\">\n\t\t\t\t\t<div class=\"aux-parallax-section elementor-column elementor-col-100 elementor-inner-column elementor-element elementor-element-ba222b2\" data-id=\"ba222b2\" data-element_type=\"column\">\n\t\t\t<div class=\"elementor-widget-wrap elementor-element-populated\">\n\t\t\t\t\t\t<div class=\"elementor-element elementor-element-ef86579 elementor-widget__width-auto aux-appear-watch-animation aux-fade-in-left-1 elementor-widget-divider--view-line elementor-widget elementor-widget-divider\" data-id=\"ef86579\" data-element_type=\"widget\" data-widget_type=\"divider.default\">\n\t\t\t\t<div class=\"elementor-widget-container\">\n\t\t\t\t\t<div class=\"elementor-divider\">\n\t\t\t<span class=\"elementor-divider-separator\">\n\t\t\t\t\t\t<\/span>\n\t\t<\/div>\n\t\t\t\t<\/div>\n\t\t\t\t<\/div>\n\t\t\t\t<div class=\"elementor-element elementor-element-bf9f111 elementor-widget__width-auto aux-appear-watch-animation aux-fade-in-right-1 elementor-widget elementor-widget-heading\" data-id=\"bf9f111\" data-element_type=\"widget\" data-widget_type=\"heading.default\">\n\t\t\t\t<div class=\"elementor-widget-container\">\n\t\t\t<h4 class=\"elementor-heading-title elementor-size-default\">OM OSS<\/h4>\t\t<\/div>\n\t\t\t\t<\/div>\n\t\t\t\t\t<\/div>\n\t\t<\/div>\n\t\t\t\t\t<\/div>\n\t\t<\/section>\n\t\t\t\t<div class=\"elementor-element elementor-element-0550592 aux-appear-watch-animation aux-fade-in-up elementor-widget elementor-widget-heading\" data-id=\"0550592\" data-element_type=\"widget\" data-widget_type=\"heading.default\">\n\t\t\t\t<div class=\"elementor-widget-container\">\n\t\t\t<h2 class=\"elementor-heading-title elementor-size-default\">Vi Leverer Toppkvalitetsl\u00f8sninger for Din Bedrift<\/h2>\t\t<\/div>\n\t\t\t\t<\/div>\n\t\t\t\t<div class=\"elementor-element elementor-element-c60f484 aux-appear-watch-animation aux-fade-in-right-1 elementor-widget elementor-widget-aux_modern_button\" data-id=\"c60f484\" data-element_type=\"widget\" data-widget_type=\"aux_modern_button.default\">\n\t\t\t\t<div class=\"elementor-widget-container\">\n\t\t\t    <div class=\"aux-modern-button-wrapper aux-modern-button-align-left\" >\n                    <a class=\"aux-modern-button aux-black aux-modern-button-md aux-modern-button-normal aux-modern-button-default aux-icon-\" href=\"https:\/\/ovanap.com\/nssi\/services\/\">\n                <div class=\"aux-overlay\"><\/div>\n                                    <div class=\"aux-icon \">\n                                            <\/div>\n                                <div class=\"aux-text\">\n<span class=\"aux-text-before\">V\u00e5re tjenester<\/span>                <\/div>\n            <\/a>\n            \n    <\/div>\n\n    \t\t<\/div>\n\t\t\t\t<\/div>\n\t\t\t\t\t<\/div>\n\t\t<\/div>\n\t\t\t\t<div class=\"aux-parallax-section elementor-column elementor-col-50 elementor-top-column elementor-element elementor-element-36facb3 aux-text\" data-id=\"36facb3\" data-element_type=\"column\">\n\t\t\t<div class=\"elementor-widget-wrap elementor-element-populated\">\n\t\t\t\t\t\t<div class=\"elementor-element elementor-element-5569c34 aux-appear-watch-animation aux-fade-in elementor-widget elementor-widget-text-editor\" data-id=\"5569c34\" data-element_type=\"widget\" data-widget_type=\"text-editor.default\">\n\t\t\t\t<div class=\"elementor-widget-container\">\n\t\t\t\t\t\t\t<p data-pm-slice=\"1 1 []\">Hos Norsk System Innredning er vi dedikert til \u00e5 levere tjenester av h\u00f8yeste kvalitet, skreddersydd for dine forretningsbehov.<\/p><p data-pm-slice=\"1 1 []\">V\u00e5rt team av dyktige fagfolk bringer ekspertise og engasjement til hvert prosjekt, og s\u00f8rger for at dine forventninger ikke bare blir m\u00f8tt, men overg\u00e5tt.<\/p>\t\t\t\t\t\t<\/div>\n\t\t\t\t<\/div>\n\t\t\t\t<div class=\"elementor-element elementor-element-a0d14ea elementor-widget__width-initial elementor-widget-mobile__width-inherit aux-appear-watch-animation aux-scale-down elementor-widget elementor-widget-image\" data-id=\"a0d14ea\" data-element_type=\"widget\" data-widget_type=\"image.default\">\n\t\t\t\t<div class=\"elementor-widget-container\">\n\t\t\t\t\t\t\t\t\t\t\t\t\t<img fetchpriority=\"high\" decoding=\"async\" width=\"500\" height=\"386\" src=\"https:\/\/ovanap.com\/nssi\/wp-content\/uploads\/2021\/07\/EE4I6681-copy-41804-original-protected.jpg\" class=\"attachment-large size-large wp-image-1111108\" alt=\"\" \/>\t\t\t\t\t\t\t\t\t\t\t\t\t<\/div>\n\t\t\t\t<\/div>\n\t\t\t\t<div class=\"elementor-element elementor-element-3b036b3 elementor-widget__width-initial elementor-widget-mobile__width-inherit aux-appear-watch-animation aux-scale-down elementor-widget elementor-widget-image\" data-id=\"3b036b3\" data-element_type=\"widget\" data-widget_type=\"image.default\">\n\t\t\t\t<div class=\"elementor-widget-container\">\n\t\t\t\t\t\t\t\t\t\t\t\t\t<img decoding=\"async\" width=\"500\" height=\"386\" src=\"https:\/\/ovanap.com\/nssi\/wp-content\/uploads\/2021\/09\/FD2A5008-__________-24629-original-protected-1.png\" class=\"attachment-large size-large wp-image-1111089\" alt=\"\" \/>\t\t\t\t\t\t\t\t\t\t\t\t\t<\/div>\n\t\t\t\t<\/div>\n\t\t\t\t\t<\/div>\n\t\t<\/div>\n\t\t\t\t\t<\/div>\n\t\t<\/section>\n\t\t\t\t<section class=\"elementor-section elementor-top-section elementor-element elementor-element-68fac7d elementor-section-full_width elementor-section-height-default elementor-section-height-default\" data-id=\"68fac7d\" data-element_type=\"section\">\n\t\t\t\t\t\t<div class=\"elementor-container elementor-column-gap-no\">\n\t\t\t\t\t<div class=\"aux-parallax-section elementor-column elementor-col-50 elementor-top-column elementor-element elementor-element-0b03c4b aux-appear-watch-animation aux-fade-in-left-1\" data-id=\"0b03c4b\" data-element_type=\"column\" data-settings=\"{&quot;background_background&quot;:&quot;classic&quot;}\">\n\t\t\t<div class=\"elementor-widget-wrap elementor-element-populated\">\n\t\t\t\t\t\t<div class=\"elementor-element elementor-element-910474a elementor-widget elementor-widget-spacer\" data-id=\"910474a\" data-element_type=\"widget\" data-widget_type=\"spacer.default\">\n\t\t\t\t<div class=\"elementor-widget-container\">\n\t\t\t\t\t<div class=\"elementor-spacer\">\n\t\t\t<div class=\"elementor-spacer-inner\"><\/div>\n\t\t<\/div>\n\t\t\t\t<\/div>\n\t\t\t\t<\/div>\n\t\t\t\t\t<\/div>\n\t\t<\/div>\n\t\t\t\t<div class=\"aux-parallax-section elementor-column elementor-col-50 elementor-top-column elementor-element elementor-element-ec41f12\" data-id=\"ec41f12\" data-element_type=\"column\" data-settings=\"{&quot;background_background&quot;:&quot;classic&quot;}\">\n\t\t\t<div class=\"elementor-widget-wrap elementor-element-populated\">\n\t\t\t\t\t\t<section class=\"elementor-section elementor-inner-section elementor-element elementor-element-4c1659e elementor-section-boxed elementor-section-height-default elementor-section-height-default\" data-id=\"4c1659e\" data-element_type=\"section\">\n\t\t\t\t\t\t<div class=\"elementor-container elementor-column-gap-no\">\n\t\t\t\t\t<div class=\"aux-parallax-section elementor-column elementor-col-100 elementor-inner-column elementor-element elementor-element-f247024\" data-id=\"f247024\" data-element_type=\"column\">\n\t\t\t<div class=\"elementor-widget-wrap elementor-element-populated\">\n\t\t\t\t\t\t<div class=\"elementor-element elementor-element-906d3eb elementor-widget__width-auto aux-appear-watch-animation aux-fade-in-left-1 elementor-widget-divider--view-line elementor-widget elementor-widget-divider\" data-id=\"906d3eb\" data-element_type=\"widget\" data-widget_type=\"divider.default\">\n\t\t\t\t<div class=\"elementor-widget-container\">\n\t\t\t\t\t<div class=\"elementor-divider\">\n\t\t\t<span class=\"elementor-divider-separator\">\n\t\t\t\t\t\t<\/span>\n\t\t<\/div>\n\t\t\t\t<\/div>\n\t\t\t\t<\/div>\n\t\t\t\t<div class=\"elementor-element elementor-element-397a8f0 elementor-widget__width-auto aux-appear-watch-animation aux-fade-in-right-1 elementor-widget elementor-widget-heading\" data-id=\"397a8f0\" data-element_type=\"widget\" data-widget_type=\"heading.default\">\n\t\t\t\t<div class=\"elementor-widget-container\">\n\t\t\t<h4 class=\"elementor-heading-title elementor-size-default\">OUR STORY<\/h4>\t\t<\/div>\n\t\t\t\t<\/div>\n\t\t\t\t\t<\/div>\n\t\t<\/div>\n\t\t\t\t\t<\/div>\n\t\t<\/section>\n\t\t\t\t<div class=\"elementor-element elementor-element-5485252 aux-appear-watch-animation aux-fade-in-up elementor-widget elementor-widget-aux_modern_heading\" data-id=\"5485252\" data-element_type=\"widget\" data-widget_type=\"aux_modern_heading.default\">\n\t\t\t\t<div class=\"elementor-widget-container\">\n\t\t\t<section class=\"aux-widget-modern-heading\">\n            <div class=\"aux-widget-inner\"><h2 class=\"aux-modern-heading-primary\">Always Powering Your Business For Future<\/h2><div class=\"aux-modern-heading-description\"><p>There are many variations of passages of Lorem Ipsum available, but the majority have suffered alteration in some form<\/p><\/div><\/div>\n        <\/section>\t\t<\/div>\n\t\t\t\t<\/div>\n\t\t\t\t<div class=\"elementor-element elementor-element-e60bf41 aux-appear-watch-animation aux-fade-in-up elementor-icon-list--layout-traditional elementor-list-item-link-full_width elementor-widget elementor-widget-icon-list\" data-id=\"e60bf41\" data-element_type=\"widget\" data-widget_type=\"icon-list.default\">\n\t\t\t\t<div class=\"elementor-widget-container\">\n\t\t\t\t\t<ul class=\"elementor-icon-list-items\">\n\t\t\t\t\t\t\t<li class=\"elementor-icon-list-item\">\n\t\t\t\t\t\t\t\t\t\t\t<span class=\"elementor-icon-list-icon\">\n\t\t\t\t\t\t\t<i aria-hidden=\"true\" class=\"far fa-window-minimize\"><\/i>\t\t\t\t\t\t<\/span>\n\t\t\t\t\t\t\t\t\t\t<span class=\"elementor-icon-list-text\">Lorem Ipsum available, but the majority.<\/span>\n\t\t\t\t\t\t\t\t\t<\/li>\n\t\t\t\t\t\t\t\t<li class=\"elementor-icon-list-item\">\n\t\t\t\t\t\t\t\t\t\t\t<span class=\"elementor-icon-list-icon\">\n\t\t\t\t\t\t\t<i aria-hidden=\"true\" class=\"far fa-window-minimize\"><\/i>\t\t\t\t\t\t<\/span>\n\t\t\t\t\t\t\t\t\t\t<span class=\"elementor-icon-list-text\">When, while the lovely valley teems with vapor around me<\/span>\n\t\t\t\t\t\t\t\t\t<\/li>\n\t\t\t\t\t\t\t\t<li class=\"elementor-icon-list-item\">\n\t\t\t\t\t\t\t\t\t\t\t<span class=\"elementor-icon-list-icon\">\n\t\t\t\t\t\t\t<i aria-hidden=\"true\" class=\"far fa-window-minimize\"><\/i>\t\t\t\t\t\t<\/span>\n\t\t\t\t\t\t\t\t\t\t<span class=\"elementor-icon-list-text\">Sun strikes the upper surface of the impenetrable foliage of my trees<\/span>\n\t\t\t\t\t\t\t\t\t<\/li>\n\t\t\t\t\t\t<\/ul>\n\t\t\t\t<\/div>\n\t\t\t\t<\/div>\n\t\t\t\t<div class=\"elementor-element elementor-element-125dfff aux-appear-watch-animation aux-fade-in-right-1 elementor-widget elementor-widget-aux_modern_button\" data-id=\"125dfff\" data-element_type=\"widget\" data-widget_type=\"aux_modern_button.default\">\n\t\t\t\t<div class=\"elementor-widget-container\">\n\t\t\t    <div class=\"aux-modern-button-wrapper aux-modern-button-align-left\" >\n                    <a class=\"aux-modern-button aux-black aux-modern-button-md aux-modern-button-normal aux-modern-button-default aux-icon-\" href=\"#\">\n                <div class=\"aux-overlay\"><\/div>\n                                    <div class=\"aux-icon \">\n                                            <\/div>\n                                <div class=\"aux-text\">\n<span class=\"aux-text-before\">Read more<\/span>                <\/div>\n            <\/a>\n            \n    <\/div>\n\n    \t\t<\/div>\n\t\t\t\t<\/div>\n\t\t\t\t\t<\/div>\n\t\t<\/div>\n\t\t\t\t\t<\/div>\n\t\t<\/section>\n\t\t\t\t<section class=\"elementor-section elementor-top-section elementor-element elementor-element-0acdcb5 elementor-reverse-mobile elementor-section-boxed elementor-section-height-default elementor-section-height-default\" data-id=\"0acdcb5\" data-element_type=\"section\">\n\t\t\t\t\t\t<div class=\"elementor-container elementor-column-gap-no\">\n\t\t\t\t\t<div class=\"aux-parallax-section elementor-column elementor-col-50 elementor-top-column elementor-element elementor-element-d3ef7f8 aux-toggle\" data-id=\"d3ef7f8\" data-element_type=\"column\">\n\t\t\t<div class=\"elementor-widget-wrap elementor-element-populated\">\n\t\t\t\t\t\t<div class=\"elementor-element elementor-element-2a78aad aux-appear-watch-animation aux-scale-down elementor-widget elementor-widget-aux_accordion\" data-id=\"2a78aad\" data-element_type=\"widget\" data-widget_type=\"aux_accordion.default\">\n\t\t\t\t<div class=\"elementor-widget-container\">\n\t\t\t<section class=\"widget-container aux-widget-accordion widget-toggle aux-parent-au437a2e24\" style=\"\" ><div class=\"widget-inner  aux-type-toggle\" data-toggle=\"true\"><section class=\"aux-toggle-item\"><h5 id=\"aux-toggle-header-4451\" class=\"aux-toggle-header toggle-header\" tabindex=\"4451\" role=\"tab\" aria-controls=\"aux-toggle-content-4451\" >What Is PROUT\u2019s Approach To Production?<\/h5><div id=\"aux-toggle-content-4451\" class=\"aux-toggle-content toggle-content\" tabindex=\"4451\" role=\"tabpanel\" aria-labelledby=\"aux-toggle-header-4451\" ><p>Apparently we had reached a great height in the atmosphere, for the sky was a dead black, and the stars had ceased to win. By the same illusion which lifts the horizon:ho<\/p><\/div><\/section><section class=\"aux-toggle-item\"><h5 id=\"aux-toggle-header-4452\" class=\"aux-toggle-header toggle-header\" tabindex=\"4452\" role=\"tab\" aria-controls=\"aux-toggle-content-4452\" >What Is Required To Build A Sound Economy?<\/h5><div id=\"aux-toggle-content-4452\" class=\"aux-toggle-content toggle-content\" tabindex=\"4452\" role=\"tabpanel\" aria-labelledby=\"aux-toggle-header-4452\" ><p>Apparently we had reached a great height in the atmosphere, for the sky was a dead black, and the stars had ceased to win. By the same illusion which lifts the horizon<\/p><\/div><\/section><section class=\"aux-toggle-item\"><h5 id=\"aux-toggle-header-4453\" class=\"aux-toggle-header toggle-header\" tabindex=\"4453\" role=\"tab\" aria-controls=\"aux-toggle-content-4453\" >Who Would Manage The Various Industries?<\/h5><div id=\"aux-toggle-content-4453\" class=\"aux-toggle-content toggle-content\" tabindex=\"4453\" role=\"tabpanel\" aria-labelledby=\"aux-toggle-header-4453\" ><p>Apparently we had reached a great height in the atmosphere, for the sky was a dead black, and the stars had ceased to win. By the same illusion which lifts the horizon<\/p><\/div><\/section><section class=\"aux-toggle-item\"><h5 id=\"aux-toggle-header-4454\" class=\"aux-toggle-header toggle-header\" tabindex=\"4454\" role=\"tab\" aria-controls=\"aux-toggle-content-4454\" >Learning about pay?<\/h5><div id=\"aux-toggle-content-4454\" class=\"aux-toggle-content toggle-content\" tabindex=\"4454\" role=\"tabpanel\" aria-labelledby=\"aux-toggle-header-4454\" ><p>Apparently we had reached a great height in the atmosphere, for the sky was a dead black, and the stars had ceased to win. By the same illusion which lifts the horizon<\/p><\/div><\/section><\/div><\/section><!-- widget-container -->\t\t<\/div>\n\t\t\t\t<\/div>\n\t\t\t\t\t<\/div>\n\t\t<\/div>\n\t\t\t\t<div class=\"aux-parallax-section elementor-column elementor-col-50 elementor-top-column elementor-element elementor-element-550ac62 aux-faq\" data-id=\"550ac62\" data-element_type=\"column\">\n\t\t\t<div class=\"elementor-widget-wrap elementor-element-populated\">\n\t\t\t\t\t\t<section class=\"elementor-section elementor-inner-section elementor-element elementor-element-15136bb elementor-section-boxed elementor-section-height-default elementor-section-height-default\" data-id=\"15136bb\" data-element_type=\"section\">\n\t\t\t\t\t\t<div class=\"elementor-container elementor-column-gap-no\">\n\t\t\t\t\t<div class=\"aux-parallax-section elementor-column elementor-col-100 elementor-inner-column elementor-element elementor-element-51bebc2\" data-id=\"51bebc2\" data-element_type=\"column\">\n\t\t\t<div class=\"elementor-widget-wrap elementor-element-populated\">\n\t\t\t\t\t\t<div class=\"elementor-element elementor-element-5e6e9bd elementor-widget__width-auto aux-appear-watch-animation aux-fade-in-left-1 elementor-widget-divider--view-line elementor-widget elementor-widget-divider\" data-id=\"5e6e9bd\" data-element_type=\"widget\" data-widget_type=\"divider.default\">\n\t\t\t\t<div class=\"elementor-widget-container\">\n\t\t\t\t\t<div class=\"elementor-divider\">\n\t\t\t<span class=\"elementor-divider-separator\">\n\t\t\t\t\t\t<\/span>\n\t\t<\/div>\n\t\t\t\t<\/div>\n\t\t\t\t<\/div>\n\t\t\t\t<div class=\"elementor-element elementor-element-4077bdb elementor-widget__width-auto aux-appear-watch-animation aux-fade-in-right-1 elementor-widget elementor-widget-heading\" data-id=\"4077bdb\" data-element_type=\"widget\" data-widget_type=\"heading.default\">\n\t\t\t\t<div class=\"elementor-widget-container\">\n\t\t\t<h4 class=\"elementor-heading-title elementor-size-default\">FAQ<\/h4>\t\t<\/div>\n\t\t\t\t<\/div>\n\t\t\t\t\t<\/div>\n\t\t<\/div>\n\t\t\t\t\t<\/div>\n\t\t<\/section>\n\t\t\t\t<div class=\"elementor-element elementor-element-8b475fa aux-appear-watch-animation aux-fade-in-up elementor-widget elementor-widget-aux_modern_heading\" data-id=\"8b475fa\" data-element_type=\"widget\" data-widget_type=\"aux_modern_heading.default\">\n\t\t\t\t<div class=\"elementor-widget-container\">\n\t\t\t<section class=\"aux-widget-modern-heading\">\n            <div class=\"aux-widget-inner\"><h2 class=\"aux-modern-heading-primary\">Frequently Asked Questiones<\/h2><div class=\"aux-modern-heading-description\"><p>When, while the lovely valley teems with vapor around me, and the meridian sun strikes the upper surface of the impenetrable foliage of my trees, and but a few stray gleams steal<\/p><\/div><\/div>\n        <\/section>\t\t<\/div>\n\t\t\t\t<\/div>\n\t\t\t\t\t<\/div>\n\t\t<\/div>\n\t\t\t\t\t<\/div>\n\t\t<\/section>\n\t\t\t\t<\/div>\n\t\t","protected":false},"excerpt":{"rendered":"<p>OM OSS Vi Leverer Toppkvalitetsl\u00f8sninger for Din Bedrift V\u00e5re tjenester Hos Norsk System Innredning er vi dedikert til \u00e5 levere tjenester av h\u00f8yeste kvalitet, skreddersydd for dine forretningsbehov. V\u00e5rt team av dyktige fagfolk bringer ekspertise og engasjement til hvert prosjekt, og s\u00f8rger for at dine forventninger ikke bare blir m\u00f8tt, men overg\u00e5tt. OUR STORY Always [&hellip;]<\/p>\n","protected":false},"author":2,"featured_media":0,"parent":0,"menu_order":0,"comment_status":"closed","ping_status":"closed","template":"templates\/page-builder-content.php","meta":{"footnotes":""},"class_list":["post-1111183","page","type-page","status-publish","hentry"],"_links":{"self":[{"href":"https:\/\/ovanap.com\/nssi\/wp-json\/wp\/v2\/pages\/1111183"}],"collection":[{"href":"https:\/\/ovanap.com\/nssi\/wp-json\/wp\/v2\/pages"}],"about":[{"href":"https:\/\/ovanap.com\/nssi\/wp-json\/wp\/v2\/types\/page"}],"author":[{"embeddable":true,"href":"https:\/\/ovanap.com\/nssi\/wp-json\/wp\/v2\/users\/2"}],"replies":[{"embeddable":true,"href":"https:\/\/ovanap.com\/nssi\/wp-json\/wp\/v2\/comments?post=1111183"}],"version-history":[{"count":7,"href":"https:\/\/ovanap.com\/nssi\/wp-json\/wp\/v2\/pages\/1111183\/revisions"}],"predecessor-version":[{"id":1111303,"href":"https:\/\/ovanap.com\/nssi\/wp-json\/wp\/v2\/pages\/1111183\/revisions\/1111303"}],"wp:attachment":[{"href":"https:\/\/ovanap.com\/nssi\/wp-json\/wp\/v2\/media?parent=1111183"}],"curies":[{"name":"wp","href":"https:\/\/api.w.org\/{rel}","templated":true}]}}